{"id":2846,"date":"2018-03-12T14:56:21","date_gmt":"2018-03-12T12:56:21","guid":{"rendered":"http:\/\/www.sportsgym.fi\/?page_id=2846"},"modified":"2026-02-26T11:07:26","modified_gmt":"2026-02-26T09:07:26","slug":"medlemskap-och-priser","status":"publish","type":"page","link":"https:\/\/www.sportsgym.fi\/sv\/medlemskap-och-priser\/","title":{"rendered":"Medlemskap &#038; Priser"},"content":{"rendered":"<p>[et_pb_section fb_built=&#8221;1&#8243; fullwidth=&#8221;on&#8221; _builder_version=&#8221;4.16&#8243; bottom_divider_style=&#8221;arrow&#8221; bottom_divider_color=&#8221;#ffffff&#8221; global_colors_info=&#8221;{}&#8221;][et_pb_fullwidth_slider _builder_version=&#8221;4.25.1&#8243; header_level=&#8221;h1&#8243; min_height=&#8221;500px&#8221; min_height_tablet=&#8221;500px&#8221; min_height_phone=&#8221;500px&#8221; global_colors_info=&#8221;{}&#8221; button_text_size__hover_enabled=&#8221;off&#8221; button_one_text_size__hover_enabled=&#8221;off&#8221; button_two_text_size__hover_enabled=&#8221;off&#8221; button_text_color__hover_enabled=&#8221;off&#8221; button_one_text_color__hover_enabled=&#8221;off&#8221; button_two_text_color__hover_enabled=&#8221;off&#8221; button_border_width__hover_enabled=&#8221;off&#8221; button_one_border_width__hover_enabled=&#8221;off&#8221; button_two_border_width__hover_enabled=&#8221;off&#8221; button_border_color__hover_enabled=&#8221;off&#8221; button_one_border_color__hover_enabled=&#8221;off&#8221; button_two_border_color__hover_enabled=&#8221;off&#8221; button_border_radius__hover_enabled=&#8221;off&#8221; button_one_border_radius__hover_enabled=&#8221;off&#8221; button_two_border_radius__hover_enabled=&#8221;off&#8221; button_letter_spacing__hover_enabled=&#8221;off&#8221; button_one_letter_spacing__hover_enabled=&#8221;off&#8221; button_two_letter_spacing__hover_enabled=&#8221;off&#8221; button_bg_color__hover_enabled=&#8221;off&#8221; button_one_bg_color__hover_enabled=&#8221;off&#8221; button_two_bg_color__hover_enabled=&#8221;off&#8221;][et_pb_slide heading=&#8221;Medlemskap &#038; Priser&#8221; use_bg_overlay=&#8221;off&#8221; use_text_overlay=&#8221;off&#8221; _builder_version=&#8221;4.25.1&#8243; header_font_size=&#8221;64&#8243; background_image=&#8221;https:\/\/www.sportsgym.fi\/wp-content\/uploads\/DSC00486-1-scaled.jpg&#8221; background_enable_image=&#8221;on&#8221; parallax=&#8221;on&#8221; button_on_hover=&#8221;on&#8221; header_font_size_tablet=&#8221;40&#8243; header_font_size_phone=&#8221;20&#8243; header_font_size_last_edited=&#8221;on|phone&#8221; global_colors_info=&#8221;{}&#8221; button_text_size__hover_enabled=&#8221;off&#8221; button_one_text_size__hover_enabled=&#8221;off&#8221; button_two_text_size__hover_enabled=&#8221;off&#8221; button_text_color__hover_enabled=&#8221;off&#8221; button_one_text_color__hover_enabled=&#8221;off&#8221; button_two_text_color__hover_enabled=&#8221;off&#8221; button_border_width__hover_enabled=&#8221;off&#8221; button_one_border_width__hover_enabled=&#8221;off&#8221; button_two_border_width__hover_enabled=&#8221;off&#8221; button_border_color__hover_enabled=&#8221;off&#8221; button_one_border_color__hover_enabled=&#8221;off&#8221; button_two_border_color__hover_enabled=&#8221;off&#8221; button_border_radius__hover_enabled=&#8221;off&#8221; button_one_border_radius__hover_enabled=&#8221;off&#8221; button_two_border_radius__hover_enabled=&#8221;off&#8221; button_letter_spacing__hover_enabled=&#8221;off&#8221; button_one_letter_spacing__hover_enabled=&#8221;off&#8221; button_two_letter_spacing__hover_enabled=&#8221;off&#8221; button_bg_color__hover_enabled=&#8221;off&#8221; button_one_bg_color__hover_enabled=&#8221;off&#8221; button_two_bg_color__hover_enabled=&#8221;off&#8221; sticky_transition=&#8221;on&#8221;][\/et_pb_slide][\/et_pb_fullwidth_slider][\/et_pb_section][et_pb_section fb_built=&#8221;1&#8243; _builder_version=&#8221;4.16&#8243; global_colors_info=&#8221;{}&#8221;][et_pb_row column_structure=&#8221;1_5,1_5,1_5,1_5,1_5&#8243; _builder_version=&#8221;4.16&#8243; background_size=&#8221;initial&#8221; background_position=&#8221;top_left&#8221; background_repeat=&#8221;repeat&#8221; global_colors_info=&#8221;{}&#8221;][et_pb_column type=&#8221;1_5&#8243; _builder_version=&#8221;4.16&#8243; custom_padding=&#8221;|||&#8221; global_colors_info=&#8221;{}&#8221; custom_padding__hover=&#8221;|||&#8221;][et_pb_blurb title=&#8221;Ungdom UpTo20&#8243; image=&#8221;https:\/\/www.sportsgym.fi\/wp-content\/uploads\/jasenyys-nuorisokortti.jpg&#8221; alt=&#8221;J\u00e4senyys Nuorisokortti&#8221; admin_label=&#8221;Ungdomskort&#8221; _builder_version=&#8221;4.27.4&#8243; global_colors_info=&#8221;{}&#8221;]<\/p>\n<div class=\"et_pb_pricing_content_top\"><span class=\"et_pb_et_price\"><span class=\"et_pb_frequency\">\u00a0<strong>29\u20ac \/ m\u00e5n<\/strong><br \/><\/span><\/span><\/div>\n<div class=\"et_pb_pricing_content\">\n<ul>\n<li>29 \/ m\u00e5n (12m\u00e5n) eller<\/li>\n<li>299\u20ac som eng\u00e5ngsdebitering<\/li>\n<li>f\u00f6r dig upp till 20 \u00e5r eller som \u00e4nnu studerar p\u00e5 andra stadiet<\/li>\n<\/ul>\n<p>VIRTUAL + 8\u20ac\/m\u00e5n (12km\u00e5n \/ VIRTUAL+LIVE TIMMAR + 14\u20ac\/m\u00e5n (12m\u00e5n)<\/p>\n<\/div>\n<p>[\/et_pb_blurb][\/et_pb_column][et_pb_column type=&#8221;1_5&#8243; _builder_version=&#8221;4.16&#8243; custom_padding=&#8221;|||&#8221; global_colors_info=&#8221;{}&#8221; custom_padding__hover=&#8221;|||&#8221;][et_pb_blurb title=&#8221;Studerande \/ F\u00f6r\u00e4ldraledig \/ Arbetss\u00f6kande&#8221; image=&#8221;https:\/\/www.sportsgym.fi\/wp-content\/uploads\/DSC09689-scaled.jpg&#8221; alt=&#8221;J\u00e4senyys Yhdistelmakortti&#8221; admin_label=&#8221;Kombinationskort&#8221; _builder_version=&#8221;4.27.4&#8243; global_colors_info=&#8221;{}&#8221;]<\/p>\n<div class=\"et_pb_blurb_description\">\n<div class=\"et_pb_pricing_content_top\"><strong><span class=\"et_pb_et_price\"><span class=\"et_pb_frequency\">37\u20ac \/ m\u00e5n<br \/><\/span><\/span><\/strong><\/div>\n<div class=\"et_pb_pricing_content\">\n<ul>\n<li>37\u20ac \/ m\u00e5n (12 m\u00e5n) eller<\/li>\n<li>370\u20ac som eng\u00e5ngsdebitering<\/li>\n<\/ul>\n<p>VIRTUAL + 8\u20ac\/m\u00e5n (12m\u00e5n) \/ VIRTUAL+LIVE TIMMAR + 14\u20ac\/m\u00e5n (12m\u00e5n)<\/p>\n<\/div>\n<\/div>\n<p>[\/et_pb_blurb][\/et_pb_column][et_pb_column type=&#8221;1_5&#8243; _builder_version=&#8221;4.16&#8243; custom_padding=&#8221;|||&#8221; global_colors_info=&#8221;{}&#8221; custom_padding__hover=&#8221;|||&#8221;][et_pb_blurb title=&#8221;Worker&#8221; image=&#8221;https:\/\/www.sportsgym.fi\/wp-content\/uploads\/DSC00638-scaled.jpg&#8221; alt=&#8221;J\u00e4senyys Salikortti&#8221; admin_label=&#8221;Gymkort&#8221; _builder_version=&#8221;4.27.4&#8243; global_colors_info=&#8221;{}&#8221;]<\/p>\n<div class=\"et_pb_blurb_description\">\n<div class=\"et_pb_pricing_content_top\"><strong><span class=\"et_pb_et_price\"><span class=\"et_pb_frequency\">45\u20ac\u200b \/ m\u00e5n<br \/><\/span><\/span><\/strong><\/div>\n<div class=\"et_pb_pricing_content\">\n<ul>\n<li>45\u20ac \/ m\u00e5n (12m\u00e5n) eller<\/li>\n<li>472\u20ac som eng\u00e5ngsdebitering<\/li>\n<\/ul>\n<\/div>\n<div class=\"et_pb_module et_pb_text et_pb_text_0 et_pb_text_align_left et_pb_bg_layout_light\">\n<div class=\"et_pb_text_inner\">\n<p>VIRTUAL + 8\u20ac\/m\u00e5n (12m\u00e5n) \/ VIRTUAL+LIVE TIMMAR + 14\u20ac\/m\u00e5n (12m\u00e5n)<strong><br \/><\/strong><\/p>\n<\/div>\n<\/div>\n<\/div>\n<p>[\/et_pb_blurb][\/et_pb_column][et_pb_column type=&#8221;1_5&#8243; _builder_version=&#8221;4.16&#8243; custom_padding=&#8221;|||&#8221; global_colors_info=&#8221;{}&#8221; custom_padding__hover=&#8221;|||&#8221;][et_pb_blurb title=&#8221;Pension\u00e4r&#8221; image=&#8221;https:\/\/www.sportsgym.fi\/wp-content\/uploads\/jasenyys-club-65.jpg&#8221; alt=&#8221;J\u00e4senyys Club65+&#8221; admin_label=&#8221;Club 65+&#8221; _builder_version=&#8221;4.27.4&#8243; global_colors_info=&#8221;{}&#8221;]<\/p>\n<p>Dagskort \u201dClub65+\u201d (kl 7-15) <strong>299\u20ac<\/strong> \/ \u00e5r (kan delas i tv\u00e5 rater)<\/p>\n<p>Dagskort \u201dClub75+\u201d (kl 7-15) <strong>259\u20ac<\/strong> \/ \u00e5r (kan delas i tv\u00e5 rater)<\/p>\n<p>Heldagskort (kl 5-22) <strong>370\u20ac<\/strong> \/ \u00e5r (kan delas i tv\u00e5 rater) eller <strong>37\u20ac <\/strong>\/ m\u00e5n (12m\u00e5n)<\/p>\n<p>Heldagskort (kl 5-22) <strong>340\u20ac \/ <\/strong>9 m\u00e5n \u00e5r (kan delas i tv\u00e5 rater) eller <strong>40\u20ac<\/strong> \/ m\u00e5n (9m\u00e5n)<\/p>\n<p>VIRTUAL + 8\u20ac\/m\u00e5n (12m\u00e5n) \/ VIRTUAL+LIVE TIMMAR + 14\u20ac\/m\u00e5n (12m\u00e5n)<\/p>\n<p>[\/et_pb_blurb][\/et_pb_column][et_pb_column type=&#8221;1_5&#8243; _builder_version=&#8221;4.16&#8243; custom_padding=&#8221;|||&#8221; global_colors_info=&#8221;{}&#8221; custom_padding__hover=&#8221;|||&#8221;][et_pb_blurb title=&#8221;SEASON 3 M\u00c5N&#8221; image=&#8221;https:\/\/www.sportsgym.fi\/wp-content\/uploads\/DSCF8903.png&#8221; alt=&#8221;opiskelijakortti&#8221; admin_label=&#8221;Studerandekort&#8221; _builder_version=&#8221;4.27.5&#8243; global_colors_info=&#8221;{}&#8221;]<\/p>\n<div class=\"et_pb_blurb_description\">\n<div class=\"et_pb_pricing_content_top\"><strong><span class=\"et_pb_et_price\"><span class=\"et_pb_frequency\">159\u20ac WORKER\u00a0 <\/span><\/span><\/strong><\/div>\n<div class=\"et_pb_pricing_content_top\"><strong><span class=\"et_pb_et_price\"><span class=\"et_pb_frequency\">(+1 m\u00e5nad +45\u20ac)<\/span><\/span><\/strong><\/div>\n<div>\u00a0<\/div>\n<div><strong>135\u20ac \u00d6VRIGA\u00a0 <\/strong><\/div>\n<div><strong>(+1 m\u00e5nad +37\u20ac)<\/strong><\/div>\n<\/div>\n<div>\u00a0<\/div>\n<div class=\"et_pb_blurb_description\">\n<div class=\"et_pb_pricing_content\">\n<p>VIRTUAL + 8\u20ac\/m\u00e5n (12m\u00e5n) \/ VIRTUAL+LIVE TIMMAR + 14\u20ac\/m\u00e5n (12m\u00e5n)<\/p>\n<\/div>\n<\/div>\n<p>[\/et_pb_blurb][\/et_pb_column][\/et_pb_row][et_pb_row _builder_version=&#8221;4.16&#8243; background_size=&#8221;initial&#8221; background_position=&#8221;top_left&#8221; background_repeat=&#8221;repeat&#8221; global_colors_info=&#8221;{}&#8221;][et_pb_column type=&#8221;4_4&#8243; _builder_version=&#8221;4.16&#8243; custom_padding=&#8221;|||&#8221; global_colors_info=&#8221;{}&#8221; custom_padding__hover=&#8221;|||&#8221;][et_pb_text admin_label=&#8221;Text&#8221; _builder_version=&#8221;4.27.4&#8243; _module_preset=&#8221;default&#8221; global_colors_info=&#8221;{}&#8221;][\/et_pb_text][et_pb_tabs admin_label=&#8221;Flikar&#8221; _builder_version=&#8221;4.27.5&#8243; hover_enabled=&#8221;0&#8243; global_colors_info=&#8221;{}&#8221; sticky_enabled=&#8221;0&#8243;][et_pb_tab title=&#8221;Ungdom UpTo20&#8243; _builder_version=&#8221;4.27.5&#8243; global_colors_info=&#8221;{}&#8221;]<\/p>\n<ul>\n<li>f\u00f6r dig upp till 20 \u00e5r eller som \u00e4nnu studerar p\u00e5 andra stadiet<\/li>\n<li>fri tillg\u00e5ng till styrketr\u00e4ning<\/li>\n<li>nyckelt\u00e4g till gymmet kl 5-22 ing\u00e5r i priset<\/li>\n<li>r\u00e5dgivning i konditionssal (20min) + grundprogram<\/li>\n<li>10% rabatt p\u00e5 kl\u00e4der &amp; kosttillskott i Shopen<\/li>\n<li>f\u00f6rm\u00e5nligare solariekort<\/li>\n<li>g\u00e4ller 6-12 m\u00e5nader<\/li>\n<\/ul>\n<p><strong>299\u20ac som eng\u00e5ngsdebitering eller i rater 29\u20ac \/ m\u00e5n (12m\u00e5n)<br \/><\/strong><\/p>\n<p>VIRTUAL + 8\u20ac\/m\u00e5n (12m\u00e5n) \/ VIRTUAL+LIVE TIMMAR + 14\u20ac\/m\u00e5n (12m\u00e5n)<\/p>\n<p><strong>\u00a0<\/strong><\/p>\n<p>[\/et_pb_tab][et_pb_tab title=&#8221;Studerande \/ F\u00f6r\u00e4ldraledig \/ Arbetss\u00f6kande&#8221; _builder_version=&#8221;4.27.4&#8243; body_text_color=&#8221;#000000&#8243; tab_text_color=&#8221;#e09900&#8243; global_colors_info=&#8221;{}&#8221;]<\/p>\n<ul>\n<li>fri tillg\u00e5ng till styrketr\u00e4ning och grupptr\u00e4ning<\/li>\n<li>r\u00e5dgivning i konditionssal (20min) + grundprogram<\/li>\n<li>nyckelt\u00e4g till gymmet kl 5-22<\/li>\n<li>10% rabatt p\u00e5 kl\u00e4der &amp; kosttillskott i Shopen<\/li>\n<li>f\u00f6rm\u00e5nligare solariekort<\/li>\n<li>bindningstid 12 m\u00e5nader<\/li>\n<\/ul>\n<p><strong>370\u20ac som eng\u00e5ngsdebitering eller i rater 37\u20ac \/ m\u00e5n (12m\u00e5n)<br \/><\/strong><\/p>\n<p>VIRTUAL + 8\u20ac\/m\u00e5n (12m\u00e5n) \/ VIRTUAL+LIVE TIMMAR + 14\u20ac\/m\u00e5n (12m\u00e5n)<\/p>\n<p><strong>\u00a0<\/strong><\/p>\n<p>[\/et_pb_tab][et_pb_tab title=&#8221;Worker&#8221; _builder_version=&#8221;4.27.0&#8243; global_colors_info=&#8221;{}&#8221;]<\/p>\n<ul>\n<li>fri tillg\u00e5ng till styrketr\u00e4ning<\/li>\n<li>r\u00e5dgivning i konditionssal (20min) + grundprogram<\/li>\n<li>nyckelt\u00e4g till gymmet kl 5-22<\/li>\n<li>10% rabatt p\u00e5 kl\u00e4der &amp; kosttillskott i Shopen<\/li>\n<li>f\u00f6rm\u00e5nligare solariekort<\/li>\n<li>bindningstid 12 m\u00e5nader<\/li>\n<\/ul>\n<p><strong>472\u20ac som eng\u00e5ngsdebitering eller i rater 45\u20ac \/ m\u00e5n (12 m\u00e5n)<br \/><\/strong><\/p>\n<p>VIRTUAL + 8\u20ac\/m\u00e5n (12m\u00e5n) \/ VIRTUAL+LIVE TIMMAR + 14\u20ac\/m\u00e5n (12m\u00e5n)<\/p>\n<p><strong>\u00a0<\/strong><\/p>\n<p>[\/et_pb_tab][et_pb_tab title=&#8221;Pension\u00e4r&#8221; _builder_version=&#8221;4.27.4&#8243; tab_text_color=&#8221;#8300e9&#8243; global_colors_info=&#8221;{}&#8221;]<\/p>\n<ul>\n<li>fri tillg\u00e5ng till styrketr\u00e4ning kl 5-22 och m\u00f6jlighet att delta i passet G(old) Ladies &amp; Boys enligt aktuellt grupptr\u00e4ningsschema<\/li>\n<li>nyckelt\u00e4g till gymmet kl 5-22 ing\u00e5r i priset<\/li>\n<li>r\u00e5dgivning i konditionssal (20min) + grundprogram<\/li>\n<li>10 % rabatt p\u00e5 kl\u00e4der &amp; kosttillskott i Shopen<\/li>\n<li>f\u00f6rm\u00e5nligare solariekort<\/li>\n<li>bindningstid 12 m\u00e5nader \/ 9 m\u00e5nader<\/li>\n<\/ul>\n<div class=\"et_pb_blurb_description\">\n<p>&nbsp;<\/p>\n<p>Dagskort \u201dClub65+\u201d (kl 7-15) <strong>299\u20ac<\/strong> \/ \u00e5r (kan delas i tv\u00e5 rater)<\/p>\n<p>Dagskort \u201dClub75+\u201d (kl 7-15) <strong>259\u20ac<\/strong> \/ \u00e5r (kan delas i tv\u00e5 rater)<\/p>\n<p>Heldagskort (kl 5-22) <strong>370\u20ac<\/strong> \/ \u00e5r (kan delas i tv\u00e5 rater) eller <strong>37\u20ac <\/strong>\/ m\u00e5n (12m\u00e5n)<\/p>\n<p>Heldagskort (kl 5-22) <strong>340\u20ac \/ <\/strong>9 m\u00e5n \u00e5r (kan delas i tv\u00e5 rater) eller <strong>40\u20ac<\/strong> \/ m\u00e5n (9m\u00e5n)<\/p>\n<p>VIRTUAL + 8\u20ac\/m\u00e5n (12m\u00e5n) \/ VIRTUAL+LIVE TIMMAR + 14\u20ac\/m\u00e5n (12m\u00e5n)<\/p>\n<\/div>\n<p>&nbsp;<\/p>\n<p>[\/et_pb_tab][et_pb_tab title=&#8221;Sj\u00f6man&#8221; _builder_version=&#8221;4.25.1&#8243; global_colors_info=&#8221;{}&#8221;]<\/p>\n<ul>\n<li>specialkort f\u00f6r sj\u00f6m\u00e4n (arbetsintyg skall uppvisas till Sports Gym)<\/li>\n<li>fri tillg\u00e5ng till styrketr\u00e4ning<\/li>\n<li>nyckelt\u00e4g till gymmet kl 5-22<\/li>\n<li>r\u00e5dgivning i konditionssal (20min) + grundprogram<\/li>\n<li>10 % rabatt p\u00e5 kl\u00e4der &amp; kosttillskott i Shopen<\/li>\n<li>f\u00f6rm\u00e5nligare solariekort<\/li>\n<li>bindningstid 12 m\u00e5nader<\/li>\n<\/ul>\n<p><strong>320\u20ac som eng\u00e5ngsdebitering eller i rater 31\u20ac \/ m\u00e5n (12m\u00e5n)<br \/><\/strong><\/p>\n<p>VIRTUAL + 8\u20ac\/m\u00e5n (12m\u00e5n) \/ VIRTUAL+LIVE TIMMAR + 14\u20ac\/m\u00e5n (12m\u00e5n)<\/p>\n<p><strong>\u00a0<\/strong><\/p>\n<p>[\/et_pb_tab][et_pb_tab title=&#8221;3 M\u00c5N&#8221; _builder_version=&#8221;4.27.5&#8243; _module_preset=&#8221;default&#8221; tab_text_color=&#8221;#E02B20&#8243; global_colors_info=&#8221;{}&#8221;]<\/p>\n<ul>\n<li>fri tillg\u00e5ng till styrketr\u00e4ning<\/li>\n<li>r\u00e5dgivning i konditionssal (20min) + grundprogram<\/li>\n<li>nyckelt\u00e4g till gymmet kl 5-22<\/li>\n<li>10% rabatt p\u00e5 kl\u00e4der &amp; kosttillskott i Shopen<\/li>\n<li>f\u00f6rm\u00e5nligare solariekort<\/li>\n<li>bindningstid 3 m\u00e5nader<\/li>\n<\/ul>\n<p><strong>159\u20ac WORKER \/ (135\u20ac \u00d6VRIGA) som eng\u00e5ngsdebitering\u00a0 \/ + VIRTUAL (24\u20ac) \/ + VIRTUAL &amp; LIVETIMMAR (42\u20ac)<\/strong><\/p>\n<p>[\/et_pb_tab][et_pb_tab title=&#8221;10 x &#8221; _builder_version=&#8221;4.27.4&#8243; _module_preset=&#8221;default&#8221; global_colors_info=&#8221;{}&#8221;]<\/p>\n<p>120\u20ac WORKER<\/p>\n<p>85\u20ac \u00d6VRIGA<\/p>\n<p>[\/et_pb_tab][et_pb_tab title=&#8221;20 x&#8221; _builder_version=&#8221;4.27.4&#8243; _module_preset=&#8221;default&#8221; global_colors_info=&#8221;{}&#8221;]<\/p>\n<p>200\u20ac WORKER<\/p>\n<p>160\u20ac \u00d6VRIGA<\/p>\n<p>[\/et_pb_tab][et_pb_tab title=&#8221;Eng\u00e5ngsavgift&#8221; _builder_version=&#8221;4.27.4&#8243; _module_preset=&#8221;default&#8221; global_colors_info=&#8221;{}&#8221;]<\/p>\n<p>14\u20ac WORKER<\/p>\n<p>12\u20ac \u00d6VRIGA<\/p>\n<p>[\/et_pb_tab][et_pb_tab title=&#8221;\u00d6vriga alternativ&#8221; _builder_version=&#8221;4.27.5&#8243; global_colors_info=&#8221;{}&#8221;]<\/p>\n<p><strong><b>M\u00c5NADSKORT 59\u20ac (worker) \/ 55\u20ac (\u00f6vriga)<br \/><\/b><\/strong><\/p>\n<ul>\n<li>fri tillg\u00e5ng till styrketr\u00e4ning<\/li>\n<li>nyckelt\u00e4g till gymmet kl 5-22<\/li>\n<li>r\u00e5dgivning i konditionssal (20min) + grundprogram<\/li>\n<li>10 % rabatt p\u00e5 kl\u00e4der &amp; kosttillskott i Shopen<\/li>\n<li>f\u00f6rm\u00e5nligare solariekort<\/li>\n<\/ul>\n<p><span class=\"\">Medlemskap med valfri bindningstid \u00e4r ocks\u00e5 f\u00f6rst\u00e5s m\u00f6jligt ifall du f\u00f6redrar det. Kontakta oss! Tillsammans kommer vi fram till ett alternativ som \u00e4r b\u00e4st f\u00f6r dig.<\/span><br \/>___________________________<\/p>\n<p><strong>WEEKENDKORT <\/strong><strong>24\u20ac (15\u20ac studerande&amp;bev\u00e4ringar) \/ veckoslut <\/strong><br \/>&#8211; fri tillg\u00e5ng till styrketr\u00e4ning fre -s\u00f6<br \/>&#8211; nyckelkort till gymmet kl 5-22 ing\u00e5r i priset<\/p>\n<p><strong>VECKA 30<\/strong><strong>\u20ac (24\u20ac studerande&amp;bev\u00e4ringar) \/ vecka<\/strong><br \/>&#8211; fri tillg\u00e5ng till styrketr\u00e4ning<br \/>&#8211; nyckelkort till gymmet kl 5-22 ing\u00e5r i priset<\/p>\n<p><strong>FYSIOKORT 40\u20ac\/m\u00e5n (max 3 m\u00e5nader)<\/strong><br \/>&#8211; fri tillg\u00e5ng till styrketr\u00e4ning<br \/>&#8211; nyckelkort till gymmet kl 5-22 ing\u00e5r i priset<\/p>\n<p>[\/et_pb_tab][et_pb_tab title=&#8221;Annat&#8221; _builder_version=&#8221;4.27.5&#8243; _module_preset=&#8221;default&#8221; hover_enabled=&#8221;0&#8243; global_colors_info=&#8221;{}&#8221; sticky_enabled=&#8221;0&#8243;]<\/p>\n<p>Tr\u00e4ningsprogram 59\u20ac<\/p>\n<p>Tr\u00e4ningsprogram + 1x tr\u00e4ningsg\u00e5ng med PT (55min) 99\u20ac<\/p>\n<p>Personal Trainer-tj\u00e4nster Se skild <a href=\"https:\/\/www.sportsgym.fi\/sv\/traning\/personal-training\/\">PT-prislista<\/a><\/p>\n<p>Solarium \/ Tanitav\u00e4gning 10x 45\u20ac (64\u20ac ej medlem)<\/p>\n<p>Solarium \/ Tanitav\u00e4gning 1 x 9\u20ac<\/p>\n<p>Anslutningsavgift 20\u20ac\/0\u20ac<\/p>\n<p>Nyckelkort (kl 5-22) 25\u20ac\/5\u20ac<\/p>\n<p>&nbsp;<\/p>\n<p>[\/et_pb_tab][\/et_pb_tabs][\/et_pb_column][\/et_pb_row][et_pb_row _builder_version=&#8221;4.16&#8243; _module_preset=&#8221;default&#8221; global_colors_info=&#8221;{}&#8221;][et_pb_column type=&#8221;4_4&#8243; _builder_version=&#8221;4.16&#8243; _module_preset=&#8221;default&#8221; global_colors_info=&#8221;{}&#8221;][et_pb_button button_url=&#8221;https:\/\/www.crossgym24h.fi\/sv\/&#8221; url_new_window=&#8221;on&#8221; button_text=&#8221;CROSSGYM24H&#8221; _builder_version=&#8221;4.16&#8243; _module_preset=&#8221;default&#8221; global_colors_info=&#8221;{}&#8221;][\/et_pb_button][\/et_pb_column][\/et_pb_row][\/et_pb_section]<\/p>\n","protected":false},"excerpt":{"rendered":"<p>\u00a029\u20ac \/ m\u00e5n 29 \/ m\u00e5n (12m\u00e5n) eller 299\u20ac som eng\u00e5ngsdebitering f\u00f6r dig upp till 20 \u00e5r eller som \u00e4nnu studerar p\u00e5 andra stadiet VIRTUAL + 8\u20ac\/m\u00e5n (12km\u00e5n \/ VIRTUAL+LIVE TIMMAR + 14\u20ac\/m\u00e5n (12m\u00e5n) 37\u20ac \/ m\u00e5n 37\u20ac \/ m\u00e5n (12 m\u00e5n) eller 370\u20ac som eng\u00e5ngsdebitering VIRTUAL + 8\u20ac\/m\u00e5n (12m\u00e5n) \/ VIRTUAL+LIVE TIMMAR + 14\u20ac\/m\u00e5n [&hellip;]<\/p>\n","protected":false},"author":1,"featured_media":0,"parent":0,"menu_order":5,"comment_status":"closed","ping_status":"closed","template":"","meta":{"_et_pb_use_builder":"on","_et_pb_old_content":"","_et_gb_content_width":"","footnotes":""},"class_list":["post-2846","page","type-page","status-publish","hentry"],"yoast_head":"<!-- This site is optimized with the Yoast SEO plugin v27.4 - https:\/\/yoast.com\/product\/yoast-seo-wordpress\/ -->\n<title>Medlemskap &amp; Priser - SportsGym<\/title>\n<meta name=\"robots\" content=\"index, follow, max-snippet:-1, max-image-preview:large, max-video-preview:-1\" \/>\n<link rel=\"canonical\" href=\"https:\/\/www.sportsgym.fi\/sv\/medlemskap-och-priser\/\" \/>\n<meta property=\"og:locale\" content=\"sv_SE\" \/>\n<meta property=\"og:type\" content=\"article\" \/>\n<meta property=\"og:title\" content=\"Medlemskap &amp; Priser - SportsGym\" \/>\n<meta property=\"og:description\" content=\"\u00a029\u20ac \/ m\u00e5n 29 \/ m\u00e5n (12m\u00e5n) eller 299\u20ac som eng\u00e5ngsdebitering f\u00f6r dig upp till 20 \u00e5r eller som \u00e4nnu studerar p\u00e5 andra stadiet VIRTUAL + 8\u20ac\/m\u00e5n (12km\u00e5n \/ VIRTUAL+LIVE TIMMAR + 14\u20ac\/m\u00e5n (12m\u00e5n) 37\u20ac \/ m\u00e5n 37\u20ac \/ m\u00e5n (12 m\u00e5n) eller 370\u20ac som eng\u00e5ngsdebitering VIRTUAL + 8\u20ac\/m\u00e5n (12m\u00e5n) \/ VIRTUAL+LIVE TIMMAR + 14\u20ac\/m\u00e5n [&hellip;]\" \/>\n<meta property=\"og:url\" content=\"https:\/\/www.sportsgym.fi\/sv\/medlemskap-och-priser\/\" \/>\n<meta property=\"og:site_name\" content=\"SportsGym\" \/>\n<meta property=\"article:modified_time\" content=\"2026-02-26T09:07:26+00:00\" \/>\n<meta name=\"twitter:card\" content=\"summary_large_image\" \/>\n<meta name=\"twitter:label1\" content=\"Ber\u00e4knad l\u00e4stid\" \/>\n\t<meta name=\"twitter:data1\" content=\"6 minuter\" \/>\n<script type=\"application\/ld+json\" class=\"yoast-schema-graph\">{\"@context\":\"https:\\\/\\\/schema.org\",\"@graph\":[{\"@type\":\"WebPage\",\"@id\":\"https:\\\/\\\/www.sportsgym.fi\\\/sv\\\/medlemskap-och-priser\\\/\",\"url\":\"https:\\\/\\\/www.sportsgym.fi\\\/sv\\\/medlemskap-och-priser\\\/\",\"name\":\"Medlemskap & Priser - SportsGym\",\"isPartOf\":{\"@id\":\"https:\\\/\\\/www.sportsgym.fi\\\/sv\\\/#website\"},\"datePublished\":\"2018-03-12T12:56:21+00:00\",\"dateModified\":\"2026-02-26T09:07:26+00:00\",\"breadcrumb\":{\"@id\":\"https:\\\/\\\/www.sportsgym.fi\\\/sv\\\/medlemskap-och-priser\\\/#breadcrumb\"},\"inLanguage\":\"sv-SE\",\"potentialAction\":[{\"@type\":\"ReadAction\",\"target\":[\"https:\\\/\\\/www.sportsgym.fi\\\/sv\\\/medlemskap-och-priser\\\/\"]}]},{\"@type\":\"BreadcrumbList\",\"@id\":\"https:\\\/\\\/www.sportsgym.fi\\\/sv\\\/medlemskap-och-priser\\\/#breadcrumb\",\"itemListElement\":[{\"@type\":\"ListItem\",\"position\":1,\"name\":\"Home\",\"item\":\"https:\\\/\\\/www.sportsgym.fi\\\/sv\\\/\"},{\"@type\":\"ListItem\",\"position\":2,\"name\":\"Medlemskap &#038; Priser\"}]},{\"@type\":\"WebSite\",\"@id\":\"https:\\\/\\\/www.sportsgym.fi\\\/sv\\\/#website\",\"url\":\"https:\\\/\\\/www.sportsgym.fi\\\/sv\\\/\",\"name\":\"SportsGym\",\"description\":\"Training - Wellness - Health\",\"potentialAction\":[{\"@type\":\"SearchAction\",\"target\":{\"@type\":\"EntryPoint\",\"urlTemplate\":\"https:\\\/\\\/www.sportsgym.fi\\\/sv\\\/?s={search_term_string}\"},\"query-input\":{\"@type\":\"PropertyValueSpecification\",\"valueRequired\":true,\"valueName\":\"search_term_string\"}}],\"inLanguage\":\"sv-SE\"}]}<\/script>\n<!-- \/ Yoast SEO plugin. -->","yoast_head_json":{"title":"Medlemskap & Priser - SportsGym","robots":{"index":"index","follow":"follow","max-snippet":"max-snippet:-1","max-image-preview":"max-image-preview:large","max-video-preview":"max-video-preview:-1"},"canonical":"https:\/\/www.sportsgym.fi\/sv\/medlemskap-och-priser\/","og_locale":"sv_SE","og_type":"article","og_title":"Medlemskap & Priser - SportsGym","og_description":"\u00a029\u20ac \/ m\u00e5n 29 \/ m\u00e5n (12m\u00e5n) eller 299\u20ac som eng\u00e5ngsdebitering f\u00f6r dig upp till 20 \u00e5r eller som \u00e4nnu studerar p\u00e5 andra stadiet VIRTUAL + 8\u20ac\/m\u00e5n (12km\u00e5n \/ VIRTUAL+LIVE TIMMAR + 14\u20ac\/m\u00e5n (12m\u00e5n) 37\u20ac \/ m\u00e5n 37\u20ac \/ m\u00e5n (12 m\u00e5n) eller 370\u20ac som eng\u00e5ngsdebitering VIRTUAL + 8\u20ac\/m\u00e5n (12m\u00e5n) \/ VIRTUAL+LIVE TIMMAR + 14\u20ac\/m\u00e5n [&hellip;]","og_url":"https:\/\/www.sportsgym.fi\/sv\/medlemskap-och-priser\/","og_site_name":"SportsGym","article_modified_time":"2026-02-26T09:07:26+00:00","twitter_card":"summary_large_image","twitter_misc":{"Ber\u00e4knad l\u00e4stid":"6 minuter"},"schema":{"@context":"https:\/\/schema.org","@graph":[{"@type":"WebPage","@id":"https:\/\/www.sportsgym.fi\/sv\/medlemskap-och-priser\/","url":"https:\/\/www.sportsgym.fi\/sv\/medlemskap-och-priser\/","name":"Medlemskap & Priser - SportsGym","isPartOf":{"@id":"https:\/\/www.sportsgym.fi\/sv\/#website"},"datePublished":"2018-03-12T12:56:21+00:00","dateModified":"2026-02-26T09:07:26+00:00","breadcrumb":{"@id":"https:\/\/www.sportsgym.fi\/sv\/medlemskap-och-priser\/#breadcrumb"},"inLanguage":"sv-SE","potentialAction":[{"@type":"ReadAction","target":["https:\/\/www.sportsgym.fi\/sv\/medlemskap-och-priser\/"]}]},{"@type":"BreadcrumbList","@id":"https:\/\/www.sportsgym.fi\/sv\/medlemskap-och-priser\/#breadcrumb","itemListElement":[{"@type":"ListItem","position":1,"name":"Home","item":"https:\/\/www.sportsgym.fi\/sv\/"},{"@type":"ListItem","position":2,"name":"Medlemskap &#038; Priser"}]},{"@type":"WebSite","@id":"https:\/\/www.sportsgym.fi\/sv\/#website","url":"https:\/\/www.sportsgym.fi\/sv\/","name":"SportsGym","description":"Training - Wellness - Health","potentialAction":[{"@type":"SearchAction","target":{"@type":"EntryPoint","urlTemplate":"https:\/\/www.sportsgym.fi\/sv\/?s={search_term_string}"},"query-input":{"@type":"PropertyValueSpecification","valueRequired":true,"valueName":"search_term_string"}}],"inLanguage":"sv-SE"}]}},"_links":{"self":[{"href":"https:\/\/www.sportsgym.fi\/sv\/wp-json\/wp\/v2\/pages\/2846","targetHints":{"allow":["GET"]}}],"collection":[{"href":"https:\/\/www.sportsgym.fi\/sv\/wp-json\/wp\/v2\/pages"}],"about":[{"href":"https:\/\/www.sportsgym.fi\/sv\/wp-json\/wp\/v2\/types\/page"}],"author":[{"embeddable":true,"href":"https:\/\/www.sportsgym.fi\/sv\/wp-json\/wp\/v2\/users\/1"}],"replies":[{"embeddable":true,"href":"https:\/\/www.sportsgym.fi\/sv\/wp-json\/wp\/v2\/comments?post=2846"}],"version-history":[{"count":204,"href":"https:\/\/www.sportsgym.fi\/sv\/wp-json\/wp\/v2\/pages\/2846\/revisions"}],"predecessor-version":[{"id":34619,"href":"https:\/\/www.sportsgym.fi\/sv\/wp-json\/wp\/v2\/pages\/2846\/revisions\/34619"}],"wp:attachment":[{"href":"https:\/\/www.sportsgym.fi\/sv\/wp-json\/wp\/v2\/media?parent=2846"}],"curies":[{"name":"wp","href":"https:\/\/api.w.org\/{rel}","templated":true}]}}