{"id":2948,"date":"2018-03-12T15:05:28","date_gmt":"2018-03-12T13:05:28","guid":{"rendered":"http:\/\/www.sportsgym.fi\/?page_id=2948"},"modified":"2025-06-12T17:27:27","modified_gmt":"2025-06-12T14:27:27","slug":"grupptraning","status":"publish","type":"page","link":"https:\/\/www.sportsgym.fi\/sv\/traning\/grupptraning\/","title":{"rendered":"Grupptr\u00e4ning"},"content":{"rendered":"<p>[et_pb_section fb_built=&#8221;1&#8243; fullwidth=&#8221;on&#8221; _builder_version=&#8221;4.16&#8243; bottom_divider_style=&#8221;arrow&#8221; bottom_divider_color=&#8221;#ffffff&#8221; global_colors_info=&#8221;{}&#8221;][et_pb_fullwidth_slider _builder_version=&#8221;4.16&#8243; global_colors_info=&#8221;{}&#8221; button_text_size__hover_enabled=&#8221;off&#8221; button_one_text_size__hover_enabled=&#8221;off&#8221; button_two_text_size__hover_enabled=&#8221;off&#8221; button_text_color__hover_enabled=&#8221;off&#8221; button_one_text_color__hover_enabled=&#8221;off&#8221; button_two_text_color__hover_enabled=&#8221;off&#8221; button_border_width__hover_enabled=&#8221;off&#8221; button_one_border_width__hover_enabled=&#8221;off&#8221; button_two_border_width__hover_enabled=&#8221;off&#8221; button_border_color__hover_enabled=&#8221;off&#8221; button_one_border_color__hover_enabled=&#8221;off&#8221; button_two_border_color__hover_enabled=&#8221;off&#8221; button_border_radius__hover_enabled=&#8221;off&#8221; button_one_border_radius__hover_enabled=&#8221;off&#8221; button_two_border_radius__hover_enabled=&#8221;off&#8221; button_letter_spacing__hover_enabled=&#8221;off&#8221; button_one_letter_spacing__hover_enabled=&#8221;off&#8221; button_two_letter_spacing__hover_enabled=&#8221;off&#8221; button_bg_color__hover_enabled=&#8221;off&#8221; button_one_bg_color__hover_enabled=&#8221;off&#8221; button_two_bg_color__hover_enabled=&#8221;off&#8221;][et_pb_slide heading=&#8221;Grupptr\u00e4ning&#8221; use_bg_overlay=&#8221;off&#8221; use_text_overlay=&#8221;off&#8221; _builder_version=&#8221;4.16&#8243; header_level=&#8221;h1&#8243; header_text_align=&#8221;center&#8221; header_font_size=&#8221;64&#8243; background_image=&#8221;https:\/\/www.sportsgym.fi\/wp-content\/uploads\/ryhmaliikunta-grupptraning-2.jpg&#8221; background_enable_image=&#8221;on&#8221; parallax=&#8221;on&#8221; button_on_hover=&#8221;on&#8221; header_font_size_tablet=&#8221;40&#8243; header_font_size_phone=&#8221;30&#8243; header_font_size_last_edited=&#8221;on|phone&#8221; global_colors_info=&#8221;{}&#8221; button_text_size__hover_enabled=&#8221;off&#8221; button_one_text_size__hover_enabled=&#8221;off&#8221; button_two_text_size__hover_enabled=&#8221;off&#8221; button_text_color__hover_enabled=&#8221;off&#8221; button_one_text_color__hover_enabled=&#8221;off&#8221; button_two_text_color__hover_enabled=&#8221;off&#8221; button_border_width__hover_enabled=&#8221;off&#8221; button_one_border_width__hover_enabled=&#8221;off&#8221; button_two_border_width__hover_enabled=&#8221;off&#8221; button_border_color__hover_enabled=&#8221;off&#8221; button_one_border_color__hover_enabled=&#8221;off&#8221; button_two_border_color__hover_enabled=&#8221;off&#8221; button_border_radius__hover_enabled=&#8221;off&#8221; button_one_border_radius__hover_enabled=&#8221;off&#8221; button_two_border_radius__hover_enabled=&#8221;off&#8221; button_letter_spacing__hover_enabled=&#8221;off&#8221; button_one_letter_spacing__hover_enabled=&#8221;off&#8221; button_two_letter_spacing__hover_enabled=&#8221;off&#8221; button_bg_color__hover_enabled=&#8221;off&#8221; button_one_bg_color__hover_enabled=&#8221;off&#8221; button_two_bg_color__hover_enabled=&#8221;off&#8221; sticky_transition=&#8221;on&#8221;][\/et_pb_slide][\/et_pb_fullwidth_slider][\/et_pb_section][et_pb_section fb_built=&#8221;1&#8243; _builder_version=&#8221;4.16&#8243; global_colors_info=&#8221;{}&#8221;][et_pb_row _builder_version=&#8221;4.16&#8243; background_size=&#8221;initial&#8221; background_position=&#8221;top_left&#8221; background_repeat=&#8221;repeat&#8221; global_colors_info=&#8221;{}&#8221;][et_pb_column type=&#8221;4_4&#8243; _builder_version=&#8221;4.16&#8243; custom_padding=&#8221;|||&#8221; global_colors_info=&#8221;{}&#8221; custom_padding__hover=&#8221;|||&#8221;][et_pb_text _builder_version=&#8221;4.16&#8243; global_colors_info=&#8221;{}&#8221;]<\/p>\n<h2 style=\"text-align: center;\">Aktiviteter som passar dig<\/h2>\n<p class=\"Standard\" style=\"text-align: center;\"><span lang=\"FI\" style=\"color: black;\">Vi erbjuder dig ett m\u00e5ngsidigt utbud inom grupptr\u00e4ning &#8211; vare sig du \u00e4r ung eller gammal, nyb\u00f6rjare eller aktiv. V\u00e5r vision \u00e4r att just du ska hitta en aktivitet som passar dig och som du njuter av. Tillsammans med v\u00e5ra erfarna och inspirerande instrukt\u00f6rer g\u00f6r vi grupptr\u00e4ningen till en h\u00e4rlig upplevelse!<\/span><\/p>\n<p>[\/et_pb_text][\/et_pb_column][\/et_pb_row][et_pb_row column_structure=&#8221;1_3,1_3,1_3&#8243; _builder_version=&#8221;4.16&#8243; background_size=&#8221;initial&#8221; background_position=&#8221;top_left&#8221; background_repeat=&#8221;repeat&#8221; global_colors_info=&#8221;{}&#8221;][et_pb_column type=&#8221;1_3&#8243; _builder_version=&#8221;4.16&#8243; custom_padding=&#8221;|||&#8221; global_colors_info=&#8221;{}&#8221; custom_padding__hover=&#8221;|||&#8221;][et_pb_image src=&#8221;https:\/\/www.sportsgym.fi\/wp-content\/uploads\/ryhmaliikuntakuva.jpg&#8221; align_tablet=&#8221;center&#8221; align_phone=&#8221;&#8221; align_last_edited=&#8221;on|desktop&#8221; _builder_version=&#8221;4.16&#8243; global_colors_info=&#8221;{}&#8221;][\/et_pb_image][\/et_pb_column][et_pb_column type=&#8221;1_3&#8243; _builder_version=&#8221;4.16&#8243; custom_padding=&#8221;|||&#8221; global_colors_info=&#8221;{}&#8221; custom_padding__hover=&#8221;|||&#8221;][et_pb_image src=&#8221;https:\/\/www.sportsgym.fi\/wp-content\/uploads\/spinning-lady.jpg&#8221; align_tablet=&#8221;center&#8221; align_phone=&#8221;&#8221; align_last_edited=&#8221;on|desktop&#8221; _builder_version=&#8221;4.16&#8243; global_colors_info=&#8221;{}&#8221;][\/et_pb_image][\/et_pb_column][et_pb_column type=&#8221;1_3&#8243; _builder_version=&#8221;4.16&#8243; custom_padding=&#8221;|||&#8221; global_colors_info=&#8221;{}&#8221; custom_padding__hover=&#8221;|||&#8221;][et_pb_image src=&#8221;https:\/\/www.sportsgym.fi\/wp-content\/uploads\/ryhmaliikunta-grupptraning-3.jpg&#8221; alt=&#8221;ryhmaliikunta-grupptraning-3&#8243; title_text=&#8221;ryhmaliikunta-grupptraning-3&#8243; align_tablet=&#8221;center&#8221; align_phone=&#8221;&#8221; align_last_edited=&#8221;on|desktop&#8221; _builder_version=&#8221;4.16&#8243; global_colors_info=&#8221;{}&#8221;][\/et_pb_image][\/et_pb_column][\/et_pb_row][et_pb_row _builder_version=&#8221;4.16&#8243; background_size=&#8221;initial&#8221; background_position=&#8221;top_left&#8221; background_repeat=&#8221;repeat&#8221; global_colors_info=&#8221;{}&#8221;][et_pb_column type=&#8221;4_4&#8243; _builder_version=&#8221;4.16&#8243; custom_padding=&#8221;|||&#8221; global_colors_info=&#8221;{}&#8221; custom_padding__hover=&#8221;|||&#8221;][et_pb_text _builder_version=&#8221;4.16&#8243; global_colors_info=&#8221;{}&#8221;]<\/p>\n<h2 style=\"text-align: center;\">Schemabeskrivning &#8211; Hitta din favorit!<\/h2>\n<p>[\/et_pb_text][\/et_pb_column][\/et_pb_row][et_pb_row column_structure=&#8221;1_4,1_4,1_4,1_4&#8243; _builder_version=&#8221;4.16&#8243; background_size=&#8221;initial&#8221; background_position=&#8221;top_left&#8221; background_repeat=&#8221;repeat&#8221; global_colors_info=&#8221;{}&#8221;][et_pb_column type=&#8221;1_4&#8243; _builder_version=&#8221;4.16&#8243; custom_padding=&#8221;|||&#8221; global_colors_info=&#8221;{}&#8221; custom_padding__hover=&#8221;|||&#8221;][et_pb_text admin_label=&#8221;Body &#038; Mind&#8221; _builder_version=&#8221;4.20.2&#8243; text_font=&#8221;Crafty Girls||||||||&#8221; text_font_size=&#8221;30px&#8221; global_colors_info=&#8221;{}&#8221;]<\/p>\n<p style=\"text-align: center;\">Body &amp; Mind<\/p>\n<p>[\/et_pb_text][et_pb_accordion closed_toggle_text_color=&#8221;#ffffff&#8221; closed_toggle_background_color=&#8221;#0c71c3&#8243; icon_color=&#8221;#ffffff&#8221; _builder_version=&#8221;4.20.2&#8243; global_colors_info=&#8221;{}&#8221;][et_pb_accordion_item title=&#8221;RollerStretch&#8221; open=&#8221;on&#8221; _builder_version=&#8221;4.16&#8243; background_color=&#8221;#0da0c5&#8243; background_enable_color=&#8221;on&#8221; global_colors_info=&#8221;{}&#8221;]Massage av muskelfascia med pilatesrulle samt stretching.<br \/>\n[\/et_pb_accordion_item][et_pb_accordion_item title=&#8221;Poweryoga&#8221; _builder_version=&#8221;4.16&#8243; background_color=&#8221;#0da0c5&#8243; background_enable_color=&#8221;on&#8221; global_colors_info=&#8221;{}&#8221; open=&#8221;off&#8221;]<\/p>\n<p>Vi mjukar upp kroppen med solh\u00e4lsning A och B. R\u00f6relser sammankopplade med andning i ett fl\u00f6de, dvs en vinyasayoga f\u00f6r \u00f6kad styrka, smidighet, balans och kroppskontroll.<\/p>\n<p>[\/et_pb_accordion_item][et_pb_accordion_item title=&#8221;YogaMix&#8221; _builder_version=&#8221;4.20.2&#8243; background_color=&#8221;#0da0c5&#8243; background_enable_color=&#8221;on&#8221; global_colors_info=&#8221;{}&#8221; open=&#8221;off&#8221;]<\/p>\n<p>Vill du st\u00e4rka musklerna och samtidigt f\u00f6rb\u00e4ttra smidigheten? Ett l\u00e4tt toning&amp;stretchbaserat pass, ibland med redskap.<\/p>\n<p>[\/et_pb_accordion_item][et_pb_accordion_item title=&#8221;YinYoga&#8221; _builder_version=&#8221;4.16&#8243; _module_preset=&#8221;default&#8221; background_color=&#8221;#0da0c5&#8243; background_enable_color=&#8221;on&#8221; global_colors_info=&#8221;{}&#8221; open=&#8221;off&#8221;]<\/p>\n<p>Mild yogaform med l\u00e5nga passiva stretch\u00f6vningar. Fokus p\u00e5 att varva ner, slappna av och stretcha bort sp\u00e4nningar fr\u00e5n muskler och sinne. Motvikt till en hektisk vardag. Yllesockor och mjuka varma kl\u00e4der p\u00e5!<\/p>\n<p>[\/et_pb_accordion_item][et_pb_accordion_item title=&#8221;BarreMove&#8221; _builder_version=&#8221;4.16&#8243; background_color=&#8221;#0da0c5&#8243; background_enable_color=&#8221;on&#8221; global_colors_info=&#8221;{}&#8221; open=&#8221;off&#8221;]Funktionell tr\u00e4ning med inspiration fr\u00e5n yoga &amp; balett. Tr\u00e4na igenom hela kroppen p\u00e5 ett effektivt men \u00e4nd\u00e5 skonsamt och till\u00e5tande s\u00e4tt. F\u00f6rb\u00e4ttrar h\u00e5llningen, styrka, kroppskontroll, b\u00e5lstabilitet, r\u00f6rlighet och balans. Kontakt med nya muskler utlovas. TESTA!<br \/>\n[\/et_pb_accordion_item][et_pb_accordion_item title=&#8221;25-Minute Yoga&#8221; _builder_version=&#8221;4.16&#8243; background_color=&#8221;#0da0c5&#8243; background_enable_color=&#8221;on&#8221; global_colors_info=&#8221;{}&#8221; open=&#8221;off&#8221;]<\/p>\n<p>Sk\u00f6n start p\u00e5 morgonen, ett l\u00e4tt yogapass som ocks\u00e5 kan fungera som uppv\u00e4rming eller nervarvning i samband med din gymtr\u00e4ning.<\/p>\n<p>[\/et_pb_accordion_item][et_pb_accordion_item title=&#8221;Mobility&#8221; _builder_version=&#8221;4.20.2&#8243; _module_preset=&#8221;default&#8221; global_colors_info=&#8221;{}&#8221; open=&#8221;off&#8221;]<\/p>\n<p>Tr\u00e4ningspass med fokus p\u00e5 r\u00f6rlighet o stretch<\/p>\n<p>[\/et_pb_accordion_item][\/et_pb_accordion][\/et_pb_column][et_pb_column type=&#8221;1_4&#8243; _builder_version=&#8221;4.16&#8243; custom_padding=&#8221;|||&#8221; global_colors_info=&#8221;{}&#8221; custom_padding__hover=&#8221;|||&#8221;][et_pb_text admin_label=&#8221;Basic&#8221; _builder_version=&#8221;4.16&#8243; text_font_size=&#8221;30px&#8221; global_colors_info=&#8221;{}&#8221;]<\/p>\n<p style=\"text-align: center;\">Basic<\/p>\n<p>[\/et_pb_text][et_pb_accordion closed_toggle_text_color=&#8221;#ffffff&#8221; closed_toggle_background_color=&#8221;#7cda24&#8243; icon_color=&#8221;#ffffff&#8221; _builder_version=&#8221;4.20.2&#8243; global_colors_info=&#8221;{}&#8221;][et_pb_accordion_item title=&#8221;Kehonhuolto\/GymCircuit&#8221; open=&#8221;on&#8221; _builder_version=&#8221;4.16&#8243; background_color=&#8221;#8df96c&#8221; background_enable_color=&#8221;on&#8221; global_colors_info=&#8221;{}&#8221;]<\/p>\n<p>Gemensam uppv\u00e4rmning och styrketr\u00e4ning i gymmet. Vi avslutar med att stretcha. Super att b\u00f6rja h\u00e4r!<\/p>\n<p>[\/et_pb_accordion_item][et_pb_accordion_item title=&#8221;TabataPump&#8221; _builder_version=&#8221;4.16&#8243; background_color=&#8221;#8df96c&#8221; background_enable_color=&#8221;on&#8221; global_colors_info=&#8221;{}&#8221; open=&#8221;off&#8221;]Gruppstyrketr\u00e4ning med skivst\u00e5ng och tyngder. Den mest framg\u00e5ngsrika grupptr\u00e4ningen ever! Du v\u00e4ljer sj\u00e4lv dina vikter.<br \/>\n[\/et_pb_accordion_item][et_pb_accordion_item title=&#8221;Body&#8221; _builder_version=&#8221;4.20.2&#8243; _module_preset=&#8221;default&#8221; background_color=&#8221;#8df96c&#8221; background_enable_color=&#8221;on&#8221; global_colors_info=&#8221;{}&#8221; open=&#8221;off&#8221;]<\/p>\n<p>Enkel jumpa! Fokus p\u00e5 muskelaktivering, r\u00f6rlighet och balans. Sm\u00e5 justeringar g\u00f6r ibland stora skillnader!<\/p>\n<p>[\/et_pb_accordion_item][et_pb_accordion_item title=&#8221;RVP&#8221; _builder_version=&#8221;4.16&#8243; _module_preset=&#8221;default&#8221; background_color=&#8221;#8df96c&#8221; background_enable_color=&#8221;on&#8221; global_colors_info=&#8221;{}&#8221; open=&#8221;off&#8221;]<\/p>\n<p>&#8221;Reisi, Vatsa &amp; Peppu&#8221; &#8211; enkla steg och pulsh\u00f6jningar blandat med styrke\u00f6vningar f\u00f6r ben och mage!<\/p>\n<p>[\/et_pb_accordion_item][et_pb_accordion_item title=&#8221;Core&#8221; _builder_version=&#8221;4.20.2&#8243; background_color=&#8221;#8df96c&#8221; background_enable_color=&#8221;on&#8221; global_colors_info=&#8221;{}&#8221; open=&#8221;off&#8221;]<\/p>\n<p>M\u00e5ngsidig b\u00e5ltr\u00e4ning! Kroppens k\u00e4rnmuskulatur (mage &amp; rygg) tr\u00e4nas b\u00e5de dynamiskt och statiskt<\/p>\n<p>[\/et_pb_accordion_item][et_pb_accordion_item title=&#8221;LIIT&#8221; _builder_version=&#8221;4.16&#8243; background_color=&#8221;#8df96c&#8221; background_enable_color=&#8221;on&#8221; global_colors_info=&#8221;{}&#8221; open=&#8221;off&#8221;]Low Intensive Interval Training &#8211; Bodyweight r\u00f6relser i l\u00e5ngsamma intervaller.<br \/>\n[\/et_pb_accordion_item][et_pb_accordion_item title=&#8221;(G)old Ladies &#038; Boys&#8221; _builder_version=&#8221;4.16&#8243; background_color=&#8221;#c88bda&#8221; background_enable_color=&#8221;on&#8221; global_colors_info=&#8221;{}&#8221; open=&#8221;off&#8221;]<\/p>\n<p>Seniorernas egen motionsjumpa med avslappnad st\u00e4mning!<\/p>\n<p>[\/et_pb_accordion_item][\/et_pb_accordion][\/et_pb_column][et_pb_column type=&#8221;1_4&#8243; _builder_version=&#8221;4.16&#8243; custom_padding=&#8221;|||&#8221; global_colors_info=&#8221;{}&#8221; custom_padding__hover=&#8221;|||&#8221;][et_pb_text admin_label=&#8221;PULSE&#8221; _builder_version=&#8221;4.20.2&#8243; text_font=&#8221;Changa One||||||||&#8221; text_font_size=&#8221;30px&#8221; global_colors_info=&#8221;{}&#8221;]<\/p>\n<p style=\"text-align: center;\">PULSE<\/p>\n<p>[\/et_pb_text][et_pb_accordion closed_toggle_text_color=&#8221;#ffffff&#8221; closed_toggle_background_color=&#8221;#e02b20&#8243; icon_color=&#8221;#ffffff&#8221; _builder_version=&#8221;4.27.4&#8243; hover_enabled=&#8221;0&#8243; global_colors_info=&#8221;{}&#8221; sticky_enabled=&#8221;0&#8243;][et_pb_accordion_item title=&#8221;Spinning&#8221; open=&#8221;on&#8221; _builder_version=&#8221;4.16&#8243; global_colors_info=&#8221;{}&#8221;]<\/p>\n<p>Effektiv fettf\u00f6rbr\u00e4nning och och \u00f6kad syreupptagningsf\u00f6rm\u00e5ga. Passet passar utm\u00e4rkt \u00e4ven f\u00f6r nyb\u00f6rjare! Svettgaranti och effektiv konditionsf\u00f6rb\u00e4ttring. Inte bara f\u00f6r tr\u00e4ningsvana, utan alla kan styra sj\u00e4lv motst\u00e5nd och effektiviteten under timmen. Musiken g\u00f6r s\u00e5 att man bara vill trampa p\u00e5!<\/p>\n<p>[\/et_pb_accordion_item][et_pb_accordion_item title=&#8221;HIIT&#8221; _builder_version=&#8221;4.16&#8243; global_colors_info=&#8221;{}&#8221; open=&#8221;off&#8221;]<\/p>\n<p>Lyhyt ja intensiivinen tunti jossa nostetaan sykett\u00e4, poltetaan rasvaa ja haastetaan itse\u00e4mme erilaisilla liikkeill\u00e4. Tehokasta energiankulutusta ja hikitakuu!<\/p>\n<p>[\/et_pb_accordion_item][et_pb_accordion_item title=&#8221;Crosstraining&#8221; _builder_version=&#8221;4.27.4&#8243; global_colors_info=&#8221;{}&#8221; open=&#8221;off&#8221;]<\/p>\n<p>Rolig, effektiv, funktionell tr\u00e4ningsupplevelse i v\u00e5r Crosstrainingsal.<\/p>\n<p>[\/et_pb_accordion_item][et_pb_accordion_item title=&#8221;Crosstraining EMOM&#8221; _builder_version=&#8221;4.27.4&#8243; hover_enabled=&#8221;0&#8243; global_colors_info=&#8221;{}&#8221; open=&#8221;off&#8221; sticky_enabled=&#8221;0&#8243;]<\/p>\n<p>EMOM &#8211; Every Minute On the Minute. Du g\u00f6r x antal r\u00f6relser p\u00e5 varje startande minut. Rolig, effektiv tr\u00e4ningsupplevelse i Crosstrainingsalen.<\/p>\n<p>[\/et_pb_accordion_item][\/et_pb_accordion][\/et_pb_column][et_pb_column type=&#8221;1_4&#8243; _builder_version=&#8221;4.16&#8243; custom_padding=&#8221;|||&#8221; global_colors_info=&#8221;{}&#8221; custom_padding__hover=&#8221;|||&#8221;][et_pb_text admin_label=&#8221;Fun &#038; Energetic&#8221; _builder_version=&#8221;4.16&#8243; text_font=&#8221;Chewy||||||||&#8221; text_font_size=&#8221;30px&#8221; global_colors_info=&#8221;{}&#8221;]<\/p>\n<p style=\"text-align: center;\">Fun &amp; Energetic<\/p>\n<p>[\/et_pb_text][et_pb_accordion closed_toggle_text_color=&#8221;#ffffff&#8221; closed_toggle_background_color=&#8221;#e09900&#8243; icon_color=&#8221;#ffffff&#8221; _builder_version=&#8221;4.20.2&#8243; global_colors_info=&#8221;{}&#8221;][et_pb_accordion_item title=&#8221;Step&#8221; open=&#8221;on&#8221; _builder_version=&#8221;4.20.2&#8243; global_colors_info=&#8221;{}&#8221;]<\/p>\n<p>Powerbetonade stegkombinationer p\u00e5 stepbr\u00e4da.<\/p>\n<p>[\/et_pb_accordion_item][et_pb_accordion_item title=&#8221;Coreball&#8221; _builder_version=&#8221;4.16&#8243; global_colors_info=&#8221;{}&#8221; open=&#8221;off&#8221;]<\/p>\n<p>M\u00e5ngsidig, rolig och effektiv tr\u00e4ning med stor balansboll. Fokus p\u00e5 b\u00e5len!<\/p>\n<p>[\/et_pb_accordion_item][et_pb_accordion_item title=&#8221;Zumba\u00ae&#8221; _builder_version=&#8221;4.16&#8243; global_colors_info=&#8221;{}&#8221; open=&#8221;off&#8221;]<\/p>\n<p>Merengue, cumbia, reggaeton, Bollywood, salsa, hip hop mm! Roligt och svettigt latinoinspirerat pass som kombinerar dans och aerobiska \u00f6vningar.<\/p>\n<p>[\/et_pb_accordion_item][et_pb_accordion_item title=&#8221;Afro&#8221; _builder_version=&#8221;4.16&#8243; global_colors_info=&#8221;{}&#8221; open=&#8221;off&#8221;]En dansklass med kraft och k\u00e4nlsa! Stora, levande \u00f6vningar, med inspiration fr\u00e5n natur och djur, som g\u00f6r dig stark, glad och avslappnad. En dans som \u00e4r mer fysisk \u00e4n de flesta och som l\u00e5ter sj\u00e4lvk\u00e4nlsan stiga i takt med trummorna.<br \/>\n[\/et_pb_accordion_item][et_pb_accordion_item title=&#8221;Boot(y)camp&#8221; _builder_version=&#8221;4.16&#8243; global_colors_info=&#8221;{}&#8221; open=&#8221;off&#8221;]En br\u00e4nnande effektiv bak- och magtr\u00e4ning!<br \/>\n[\/et_pb_accordion_item][et_pb_accordion_item title=&#8221;Cardio&#8221; _builder_version=&#8221;4.20.2&#8243; _module_preset=&#8221;default&#8221; global_colors_info=&#8221;{}&#8221; open=&#8221;off&#8221;]<\/p>\n<p>Et r\u00f6rligt kul pass med enkla pulsh\u00f6jande steg<\/p>\n<p>[\/et_pb_accordion_item][\/et_pb_accordion][\/et_pb_column][\/et_pb_row][et_pb_row _builder_version=&#8221;4.16&#8243; _module_preset=&#8221;default&#8221; global_colors_info=&#8221;{}&#8221;][et_pb_column type=&#8221;4_4&#8243; _builder_version=&#8221;4.16&#8243; _module_preset=&#8221;default&#8221; global_colors_info=&#8221;{}&#8221;][et_pb_button button_url=&#8221;https:\/\/www.sportsgym.fi\/sv\/schema\/&#8221; button_text=&#8221;H\u00c4R SER DU AKTUELLT VECKOPROGRAM&#8221; button_alignment=&#8221;center&#8221; _builder_version=&#8221;4.16&#8243; _module_preset=&#8221;default&#8221; global_colors_info=&#8221;{}&#8221;][\/et_pb_button][\/et_pb_column][\/et_pb_row][\/et_pb_section]<\/p>\n","protected":false},"excerpt":{"rendered":"<p>Aktiviteter som passar dig Vi erbjuder dig ett m\u00e5ngsidigt utbud inom grupptr\u00e4ning &#8211; vare sig du \u00e4r ung eller gammal, nyb\u00f6rjare eller aktiv. V\u00e5r vision \u00e4r att just du ska hitta en aktivitet som passar dig och som du njuter av. Tillsammans med v\u00e5ra erfarna och inspirerande instrukt\u00f6rer g\u00f6r vi grupptr\u00e4ningen till en h\u00e4rlig upplevelse! [&hellip;]<\/p>\n","protected":false},"author":1,"featured_media":0,"parent":3004,"menu_order":1,"comment_status":"closed","ping_status":"closed","template":"","meta":{"_et_pb_use_builder":"on","_et_pb_old_content":"","_et_gb_content_width":"","footnotes":""},"class_list":["post-2948","page","type-page","status-publish","hentry"],"yoast_head":"<!-- This site is optimized with the Yoast SEO plugin v27.4 - https:\/\/yoast.com\/product\/yoast-seo-wordpress\/ -->\n<title>Grupptr\u00e4ning - SportsGym<\/title>\n<meta name=\"robots\" content=\"index, follow, max-snippet:-1, max-image-preview:large, max-video-preview:-1\" \/>\n<link rel=\"canonical\" href=\"https:\/\/www.sportsgym.fi\/sv\/traning\/grupptraning\/\" \/>\n<meta property=\"og:locale\" content=\"sv_SE\" \/>\n<meta property=\"og:type\" content=\"article\" \/>\n<meta property=\"og:title\" content=\"Grupptr\u00e4ning - SportsGym\" \/>\n<meta property=\"og:description\" content=\"Aktiviteter som passar dig Vi erbjuder dig ett m\u00e5ngsidigt utbud inom grupptr\u00e4ning - vare sig du \u00e4r ung eller gammal, nyb\u00f6rjare eller aktiv. V\u00e5r vision \u00e4r att just du ska hitta en aktivitet som passar dig och som du njuter av. Tillsammans med v\u00e5ra erfarna och inspirerande instrukt\u00f6rer g\u00f6r vi grupptr\u00e4ningen till en h\u00e4rlig upplevelse! [&hellip;]\" \/>\n<meta property=\"og:url\" content=\"https:\/\/www.sportsgym.fi\/sv\/traning\/grupptraning\/\" \/>\n<meta property=\"og:site_name\" content=\"SportsGym\" \/>\n<meta property=\"article:modified_time\" content=\"2025-06-12T14:27:27+00:00\" \/>\n<meta name=\"twitter:card\" content=\"summary_large_image\" \/>\n<meta name=\"twitter:label1\" content=\"Ber\u00e4knad l\u00e4stid\" \/>\n\t<meta name=\"twitter:data1\" content=\"4 minuter\" \/>\n<script type=\"application\/ld+json\" class=\"yoast-schema-graph\">{\"@context\":\"https:\\\/\\\/schema.org\",\"@graph\":[{\"@type\":\"WebPage\",\"@id\":\"https:\\\/\\\/www.sportsgym.fi\\\/sv\\\/traning\\\/grupptraning\\\/\",\"url\":\"https:\\\/\\\/www.sportsgym.fi\\\/sv\\\/traning\\\/grupptraning\\\/\",\"name\":\"Grupptr\u00e4ning - SportsGym\",\"isPartOf\":{\"@id\":\"https:\\\/\\\/www.sportsgym.fi\\\/sv\\\/#website\"},\"datePublished\":\"2018-03-12T13:05:28+00:00\",\"dateModified\":\"2025-06-12T14:27:27+00:00\",\"breadcrumb\":{\"@id\":\"https:\\\/\\\/www.sportsgym.fi\\\/sv\\\/traning\\\/grupptraning\\\/#breadcrumb\"},\"inLanguage\":\"sv-SE\",\"potentialAction\":[{\"@type\":\"ReadAction\",\"target\":[\"https:\\\/\\\/www.sportsgym.fi\\\/sv\\\/traning\\\/grupptraning\\\/\"]}]},{\"@type\":\"BreadcrumbList\",\"@id\":\"https:\\\/\\\/www.sportsgym.fi\\\/sv\\\/traning\\\/grupptraning\\\/#breadcrumb\",\"itemListElement\":[{\"@type\":\"ListItem\",\"position\":1,\"name\":\"Home\",\"item\":\"https:\\\/\\\/www.sportsgym.fi\\\/sv\\\/\"},{\"@type\":\"ListItem\",\"position\":2,\"name\":\"Tr\u00e4ning\",\"item\":\"https:\\\/\\\/www.sportsgym.fi\\\/sv\\\/traning\\\/\"},{\"@type\":\"ListItem\",\"position\":3,\"name\":\"Grupptr\u00e4ning\"}]},{\"@type\":\"WebSite\",\"@id\":\"https:\\\/\\\/www.sportsgym.fi\\\/sv\\\/#website\",\"url\":\"https:\\\/\\\/www.sportsgym.fi\\\/sv\\\/\",\"name\":\"SportsGym\",\"description\":\"Training - Wellness - Health\",\"potentialAction\":[{\"@type\":\"SearchAction\",\"target\":{\"@type\":\"EntryPoint\",\"urlTemplate\":\"https:\\\/\\\/www.sportsgym.fi\\\/sv\\\/?s={search_term_string}\"},\"query-input\":{\"@type\":\"PropertyValueSpecification\",\"valueRequired\":true,\"valueName\":\"search_term_string\"}}],\"inLanguage\":\"sv-SE\"}]}<\/script>\n<!-- \/ Yoast SEO plugin. -->","yoast_head_json":{"title":"Grupptr\u00e4ning - SportsGym","robots":{"index":"index","follow":"follow","max-snippet":"max-snippet:-1","max-image-preview":"max-image-preview:large","max-video-preview":"max-video-preview:-1"},"canonical":"https:\/\/www.sportsgym.fi\/sv\/traning\/grupptraning\/","og_locale":"sv_SE","og_type":"article","og_title":"Grupptr\u00e4ning - SportsGym","og_description":"Aktiviteter som passar dig Vi erbjuder dig ett m\u00e5ngsidigt utbud inom grupptr\u00e4ning - vare sig du \u00e4r ung eller gammal, nyb\u00f6rjare eller aktiv. V\u00e5r vision \u00e4r att just du ska hitta en aktivitet som passar dig och som du njuter av. Tillsammans med v\u00e5ra erfarna och inspirerande instrukt\u00f6rer g\u00f6r vi grupptr\u00e4ningen till en h\u00e4rlig upplevelse! [&hellip;]","og_url":"https:\/\/www.sportsgym.fi\/sv\/traning\/grupptraning\/","og_site_name":"SportsGym","article_modified_time":"2025-06-12T14:27:27+00:00","twitter_card":"summary_large_image","twitter_misc":{"Ber\u00e4knad l\u00e4stid":"4 minuter"},"schema":{"@context":"https:\/\/schema.org","@graph":[{"@type":"WebPage","@id":"https:\/\/www.sportsgym.fi\/sv\/traning\/grupptraning\/","url":"https:\/\/www.sportsgym.fi\/sv\/traning\/grupptraning\/","name":"Grupptr\u00e4ning - SportsGym","isPartOf":{"@id":"https:\/\/www.sportsgym.fi\/sv\/#website"},"datePublished":"2018-03-12T13:05:28+00:00","dateModified":"2025-06-12T14:27:27+00:00","breadcrumb":{"@id":"https:\/\/www.sportsgym.fi\/sv\/traning\/grupptraning\/#breadcrumb"},"inLanguage":"sv-SE","potentialAction":[{"@type":"ReadAction","target":["https:\/\/www.sportsgym.fi\/sv\/traning\/grupptraning\/"]}]},{"@type":"BreadcrumbList","@id":"https:\/\/www.sportsgym.fi\/sv\/traning\/grupptraning\/#breadcrumb","itemListElement":[{"@type":"ListItem","position":1,"name":"Home","item":"https:\/\/www.sportsgym.fi\/sv\/"},{"@type":"ListItem","position":2,"name":"Tr\u00e4ning","item":"https:\/\/www.sportsgym.fi\/sv\/traning\/"},{"@type":"ListItem","position":3,"name":"Grupptr\u00e4ning"}]},{"@type":"WebSite","@id":"https:\/\/www.sportsgym.fi\/sv\/#website","url":"https:\/\/www.sportsgym.fi\/sv\/","name":"SportsGym","description":"Training - Wellness - Health","potentialAction":[{"@type":"SearchAction","target":{"@type":"EntryPoint","urlTemplate":"https:\/\/www.sportsgym.fi\/sv\/?s={search_term_string}"},"query-input":{"@type":"PropertyValueSpecification","valueRequired":true,"valueName":"search_term_string"}}],"inLanguage":"sv-SE"}]}},"_links":{"self":[{"href":"https:\/\/www.sportsgym.fi\/sv\/wp-json\/wp\/v2\/pages\/2948","targetHints":{"allow":["GET"]}}],"collection":[{"href":"https:\/\/www.sportsgym.fi\/sv\/wp-json\/wp\/v2\/pages"}],"about":[{"href":"https:\/\/www.sportsgym.fi\/sv\/wp-json\/wp\/v2\/types\/page"}],"author":[{"embeddable":true,"href":"https:\/\/www.sportsgym.fi\/sv\/wp-json\/wp\/v2\/users\/1"}],"replies":[{"embeddable":true,"href":"https:\/\/www.sportsgym.fi\/sv\/wp-json\/wp\/v2\/comments?post=2948"}],"version-history":[{"count":22,"href":"https:\/\/www.sportsgym.fi\/sv\/wp-json\/wp\/v2\/pages\/2948\/revisions"}],"predecessor-version":[{"id":33945,"href":"https:\/\/www.sportsgym.fi\/sv\/wp-json\/wp\/v2\/pages\/2948\/revisions\/33945"}],"up":[{"embeddable":true,"href":"https:\/\/www.sportsgym.fi\/sv\/wp-json\/wp\/v2\/pages\/3004"}],"wp:attachment":[{"href":"https:\/\/www.sportsgym.fi\/sv\/wp-json\/wp\/v2\/media?parent=2948"}],"curies":[{"name":"wp","href":"https:\/\/api.w.org\/{rel}","templated":true}]}}