{"id":2951,"date":"2018-04-19T10:44:52","date_gmt":"2018-04-19T07:44:52","guid":{"rendered":"http:\/\/www.sportsgym.fi\/?page_id=2951"},"modified":"2024-06-17T16:52:49","modified_gmt":"2024-06-17T13:52:49","slug":"foretag-foreningar","status":"publish","type":"page","link":"https:\/\/www.sportsgym.fi\/sv\/foretag-foreningar\/","title":{"rendered":"F\u00f6retag &#038; F\u00f6reningar"},"content":{"rendered":"<p>[et_pb_section fb_built=&#8221;1&#8243; fullwidth=&#8221;on&#8221; _builder_version=&#8221;4.16&#8243; global_colors_info=&#8221;{}&#8221;][et_pb_fullwidth_slider _builder_version=&#8221;4.25.1&#8243; hover_enabled=&#8221;0&#8243; global_colors_info=&#8221;{}&#8221; button_text_size__hover_enabled=&#8221;off&#8221; button_one_text_size__hover_enabled=&#8221;off&#8221; button_two_text_size__hover_enabled=&#8221;off&#8221; button_text_color__hover_enabled=&#8221;off&#8221; button_one_text_color__hover_enabled=&#8221;off&#8221; button_two_text_color__hover_enabled=&#8221;off&#8221; button_border_width__hover_enabled=&#8221;off&#8221; button_one_border_width__hover_enabled=&#8221;off&#8221; button_two_border_width__hover_enabled=&#8221;off&#8221; button_border_color__hover_enabled=&#8221;off&#8221; button_one_border_color__hover_enabled=&#8221;off&#8221; button_two_border_color__hover_enabled=&#8221;off&#8221; button_border_radius__hover_enabled=&#8221;off&#8221; button_one_border_radius__hover_enabled=&#8221;off&#8221; button_two_border_radius__hover_enabled=&#8221;off&#8221; button_letter_spacing__hover_enabled=&#8221;off&#8221; button_one_letter_spacing__hover_enabled=&#8221;off&#8221; button_two_letter_spacing__hover_enabled=&#8221;off&#8221; button_bg_color__hover_enabled=&#8221;off&#8221; button_one_bg_color__hover_enabled=&#8221;off&#8221; button_two_bg_color__hover_enabled=&#8221;off&#8221; sticky_enabled=&#8221;0&#8243;][et_pb_slide heading=&#8221;F\u00f6retag &#038; F\u00f6reningar&#8221; use_bg_overlay=&#8221;off&#8221; use_text_overlay=&#8221;off&#8221; _builder_version=&#8221;4.25.1&#8243; header_level=&#8221;h1&#8243; header_font_size=&#8221;64&#8243; background_image=&#8221;https:\/\/www.sportsgym.fi\/wp-content\/uploads\/DSC00592-Enhanced-NR-scaled.jpg&#8221; parallax=&#8221;on&#8221; button_on_hover=&#8221;on&#8221; text_orientation=&#8221;left&#8221; hover_enabled=&#8221;0&#8243; header_font_size_tablet=&#8221;40&#8243; header_font_size_phone=&#8221;30&#8243; header_font_size_last_edited=&#8221;on|phone&#8221; global_colors_info=&#8221;{}&#8221; button_text_size__hover_enabled=&#8221;off&#8221; button_one_text_size__hover_enabled=&#8221;off&#8221; button_two_text_size__hover_enabled=&#8221;off&#8221; button_text_color__hover_enabled=&#8221;off&#8221; button_one_text_color__hover_enabled=&#8221;off&#8221; button_two_text_color__hover_enabled=&#8221;off&#8221; button_border_width__hover_enabled=&#8221;off&#8221; button_one_border_width__hover_enabled=&#8221;off&#8221; button_two_border_width__hover_enabled=&#8221;off&#8221; button_border_color__hover_enabled=&#8221;off&#8221; button_one_border_color__hover_enabled=&#8221;off&#8221; button_two_border_color__hover_enabled=&#8221;off&#8221; button_border_radius__hover_enabled=&#8221;off&#8221; button_one_border_radius__hover_enabled=&#8221;off&#8221; button_two_border_radius__hover_enabled=&#8221;off&#8221; button_letter_spacing__hover_enabled=&#8221;off&#8221; button_one_letter_spacing__hover_enabled=&#8221;off&#8221; button_two_letter_spacing__hover_enabled=&#8221;off&#8221; button_bg_color__hover_enabled=&#8221;off&#8221; button_one_bg_color__hover_enabled=&#8221;off&#8221; button_two_bg_color__hover_enabled=&#8221;off&#8221; sticky_transition=&#8221;on&#8221; title_text=&#8221;DSC00592-Enhanced-NR&#8221; background_enable_image=&#8221;on&#8221; sticky_enabled=&#8221;0&#8243;][\/et_pb_slide][\/et_pb_fullwidth_slider][\/et_pb_section][et_pb_section fb_built=&#8221;1&#8243; _builder_version=&#8221;4.16&#8243; global_colors_info=&#8221;{}&#8221;][et_pb_row column_structure=&#8221;3_4,1_4&#8243; _builder_version=&#8221;4.16&#8243; global_colors_info=&#8221;{}&#8221;][et_pb_column type=&#8221;3_4&#8243; _builder_version=&#8221;4.16&#8243; custom_padding=&#8221;|||&#8221; global_colors_info=&#8221;{}&#8221; custom_padding__hover=&#8221;|||&#8221;][et_pb_text _builder_version=&#8221;4.24.3&#8243; global_colors_info=&#8221;{}&#8221;]<\/p>\n<h2>F\u00f6reningar<\/h2>\n<p>Sports Gym vill st\u00f6da f\u00f6reningsverksamheter i Pargas och d\u00e4rf\u00f6r har idrottsf\u00f6reningar m\u00f6jlighet att f\u00e5 upp till -50% rabatt p\u00e5 \u00e5rskorten p\u00e5 Sports Gym. Lagledare: Kontakta Sports Gym f\u00f6r mera info!<\/p>\n<h2>F\u00f6retag<\/h2>\n<p><strong>TYKY-verksamhet<\/strong><\/p>\n<p>Satsa p\u00e5 friskv\u00e5rd och f\u00e5 din personal att m\u00e5 b\u00e4ttre. Det l\u00f6nar sig att satsa p\u00e5 friskv\u00e5rden f\u00f6r de anst\u00e4llda i ett f\u00f6rebyggande syfte. D\u00e5 beh\u00f6ver f\u00f6retaget inte avs\u00e4tta dubbelt s\u00e5 mycket tid och pengar p\u00e5 sjukdom. Dagens framg\u00e5ngsrika f\u00f6retag har insett detta och subventionerar g\u00e4rna de anst\u00e4lldas tr\u00e4ning.<\/p>\n<p>Hos oss p\u00e5 Sports Gym kan f\u00f6retag f\u00f6rutom att subventionera varje anst\u00e4llds tr\u00e4ning \u00e4ven boka skr\u00e4ddarsydda TYKY-dagar. Ex. valfria pass med instrukt\u00f6r fr.o.m 75\u20ac\/h. Ber\u00e4tta om era \u00f6nskem\u00e5l\u00a0 och be om offert!<\/p>\n<p>[\/et_pb_text][\/et_pb_column][et_pb_column type=&#8221;1_4&#8243; _builder_version=&#8221;4.16&#8243; custom_padding=&#8221;|||&#8221; global_colors_info=&#8221;{}&#8221; custom_padding__hover=&#8221;|||&#8221;][et_pb_image src=&#8221;https:\/\/www.sportsgym.fi\/wp-content\/uploads\/yritykset-2-1.jpg&#8221; align_tablet=&#8221;center&#8221; align_phone=&#8221;&#8221; align_last_edited=&#8221;on|desktop&#8221; _builder_version=&#8221;4.16&#8243; global_colors_info=&#8221;{}&#8221;][\/et_pb_image][\/et_pb_column][\/et_pb_row][\/et_pb_section]<\/p>\n","protected":false},"excerpt":{"rendered":"<p>F\u00f6reningar Sports Gym vill st\u00f6da f\u00f6reningsverksamheter i Pargas och d\u00e4rf\u00f6r har idrottsf\u00f6reningar m\u00f6jlighet att f\u00e5 upp till -50% rabatt p\u00e5 \u00e5rskorten p\u00e5 Sports Gym. Lagledare: Kontakta Sports Gym f\u00f6r mera info! F\u00f6retag TYKY-verksamhet Satsa p\u00e5 friskv\u00e5rd och f\u00e5 din personal att m\u00e5 b\u00e4ttre. Det l\u00f6nar sig att satsa p\u00e5 friskv\u00e5rden f\u00f6r de anst\u00e4llda i ett [&hellip;]<\/p>\n","protected":false},"author":1,"featured_media":0,"parent":0,"menu_order":6,"comment_status":"closed","ping_status":"closed","template":"","meta":{"_et_pb_use_builder":"on","_et_pb_old_content":"","_et_gb_content_width":"","footnotes":""},"class_list":["post-2951","page","type-page","status-publish","hentry"],"yoast_head":"<!-- This site is optimized with the Yoast SEO plugin v27.4 - https:\/\/yoast.com\/product\/yoast-seo-wordpress\/ -->\n<title>F\u00f6retag &amp; F\u00f6reningar - SportsGym<\/title>\n<meta name=\"robots\" content=\"index, follow, max-snippet:-1, max-image-preview:large, max-video-preview:-1\" \/>\n<link rel=\"canonical\" href=\"https:\/\/www.sportsgym.fi\/sv\/foretag-foreningar\/\" \/>\n<meta property=\"og:locale\" content=\"sv_SE\" \/>\n<meta property=\"og:type\" content=\"article\" \/>\n<meta property=\"og:title\" content=\"F\u00f6retag &amp; F\u00f6reningar - SportsGym\" \/>\n<meta property=\"og:description\" content=\"F\u00f6reningar Sports Gym vill st\u00f6da f\u00f6reningsverksamheter i Pargas och d\u00e4rf\u00f6r har idrottsf\u00f6reningar m\u00f6jlighet att f\u00e5 upp till -50% rabatt p\u00e5 \u00e5rskorten p\u00e5 Sports Gym. Lagledare: Kontakta Sports Gym f\u00f6r mera info! F\u00f6retag TYKY-verksamhet Satsa p\u00e5 friskv\u00e5rd och f\u00e5 din personal att m\u00e5 b\u00e4ttre. Det l\u00f6nar sig att satsa p\u00e5 friskv\u00e5rden f\u00f6r de anst\u00e4llda i ett [&hellip;]\" \/>\n<meta property=\"og:url\" content=\"https:\/\/www.sportsgym.fi\/sv\/foretag-foreningar\/\" \/>\n<meta property=\"og:site_name\" content=\"SportsGym\" \/>\n<meta property=\"article:modified_time\" content=\"2024-06-17T13:52:49+00:00\" \/>\n<meta name=\"twitter:card\" content=\"summary_large_image\" \/>\n<meta name=\"twitter:label1\" content=\"Ber\u00e4knad l\u00e4stid\" \/>\n\t<meta name=\"twitter:data1\" content=\"1 minut\" \/>\n<script type=\"application\/ld+json\" class=\"yoast-schema-graph\">{\"@context\":\"https:\\\/\\\/schema.org\",\"@graph\":[{\"@type\":\"WebPage\",\"@id\":\"https:\\\/\\\/www.sportsgym.fi\\\/sv\\\/foretag-foreningar\\\/\",\"url\":\"https:\\\/\\\/www.sportsgym.fi\\\/sv\\\/foretag-foreningar\\\/\",\"name\":\"F\u00f6retag & F\u00f6reningar - SportsGym\",\"isPartOf\":{\"@id\":\"https:\\\/\\\/www.sportsgym.fi\\\/sv\\\/#website\"},\"datePublished\":\"2018-04-19T07:44:52+00:00\",\"dateModified\":\"2024-06-17T13:52:49+00:00\",\"breadcrumb\":{\"@id\":\"https:\\\/\\\/www.sportsgym.fi\\\/sv\\\/foretag-foreningar\\\/#breadcrumb\"},\"inLanguage\":\"sv-SE\",\"potentialAction\":[{\"@type\":\"ReadAction\",\"target\":[\"https:\\\/\\\/www.sportsgym.fi\\\/sv\\\/foretag-foreningar\\\/\"]}]},{\"@type\":\"BreadcrumbList\",\"@id\":\"https:\\\/\\\/www.sportsgym.fi\\\/sv\\\/foretag-foreningar\\\/#breadcrumb\",\"itemListElement\":[{\"@type\":\"ListItem\",\"position\":1,\"name\":\"Home\",\"item\":\"https:\\\/\\\/www.sportsgym.fi\\\/sv\\\/\"},{\"@type\":\"ListItem\",\"position\":2,\"name\":\"F\u00f6retag &#038; F\u00f6reningar\"}]},{\"@type\":\"WebSite\",\"@id\":\"https:\\\/\\\/www.sportsgym.fi\\\/sv\\\/#website\",\"url\":\"https:\\\/\\\/www.sportsgym.fi\\\/sv\\\/\",\"name\":\"SportsGym\",\"description\":\"Training - Wellness - Health\",\"potentialAction\":[{\"@type\":\"SearchAction\",\"target\":{\"@type\":\"EntryPoint\",\"urlTemplate\":\"https:\\\/\\\/www.sportsgym.fi\\\/sv\\\/?s={search_term_string}\"},\"query-input\":{\"@type\":\"PropertyValueSpecification\",\"valueRequired\":true,\"valueName\":\"search_term_string\"}}],\"inLanguage\":\"sv-SE\"}]}<\/script>\n<!-- \/ Yoast SEO plugin. -->","yoast_head_json":{"title":"F\u00f6retag & F\u00f6reningar - SportsGym","robots":{"index":"index","follow":"follow","max-snippet":"max-snippet:-1","max-image-preview":"max-image-preview:large","max-video-preview":"max-video-preview:-1"},"canonical":"https:\/\/www.sportsgym.fi\/sv\/foretag-foreningar\/","og_locale":"sv_SE","og_type":"article","og_title":"F\u00f6retag & F\u00f6reningar - SportsGym","og_description":"F\u00f6reningar Sports Gym vill st\u00f6da f\u00f6reningsverksamheter i Pargas och d\u00e4rf\u00f6r har idrottsf\u00f6reningar m\u00f6jlighet att f\u00e5 upp till -50% rabatt p\u00e5 \u00e5rskorten p\u00e5 Sports Gym. Lagledare: Kontakta Sports Gym f\u00f6r mera info! F\u00f6retag TYKY-verksamhet Satsa p\u00e5 friskv\u00e5rd och f\u00e5 din personal att m\u00e5 b\u00e4ttre. Det l\u00f6nar sig att satsa p\u00e5 friskv\u00e5rden f\u00f6r de anst\u00e4llda i ett [&hellip;]","og_url":"https:\/\/www.sportsgym.fi\/sv\/foretag-foreningar\/","og_site_name":"SportsGym","article_modified_time":"2024-06-17T13:52:49+00:00","twitter_card":"summary_large_image","twitter_misc":{"Ber\u00e4knad l\u00e4stid":"1 minut"},"schema":{"@context":"https:\/\/schema.org","@graph":[{"@type":"WebPage","@id":"https:\/\/www.sportsgym.fi\/sv\/foretag-foreningar\/","url":"https:\/\/www.sportsgym.fi\/sv\/foretag-foreningar\/","name":"F\u00f6retag & F\u00f6reningar - SportsGym","isPartOf":{"@id":"https:\/\/www.sportsgym.fi\/sv\/#website"},"datePublished":"2018-04-19T07:44:52+00:00","dateModified":"2024-06-17T13:52:49+00:00","breadcrumb":{"@id":"https:\/\/www.sportsgym.fi\/sv\/foretag-foreningar\/#breadcrumb"},"inLanguage":"sv-SE","potentialAction":[{"@type":"ReadAction","target":["https:\/\/www.sportsgym.fi\/sv\/foretag-foreningar\/"]}]},{"@type":"BreadcrumbList","@id":"https:\/\/www.sportsgym.fi\/sv\/foretag-foreningar\/#breadcrumb","itemListElement":[{"@type":"ListItem","position":1,"name":"Home","item":"https:\/\/www.sportsgym.fi\/sv\/"},{"@type":"ListItem","position":2,"name":"F\u00f6retag &#038; F\u00f6reningar"}]},{"@type":"WebSite","@id":"https:\/\/www.sportsgym.fi\/sv\/#website","url":"https:\/\/www.sportsgym.fi\/sv\/","name":"SportsGym","description":"Training - Wellness - Health","potentialAction":[{"@type":"SearchAction","target":{"@type":"EntryPoint","urlTemplate":"https:\/\/www.sportsgym.fi\/sv\/?s={search_term_string}"},"query-input":{"@type":"PropertyValueSpecification","valueRequired":true,"valueName":"search_term_string"}}],"inLanguage":"sv-SE"}]}},"_links":{"self":[{"href":"https:\/\/www.sportsgym.fi\/sv\/wp-json\/wp\/v2\/pages\/2951","targetHints":{"allow":["GET"]}}],"collection":[{"href":"https:\/\/www.sportsgym.fi\/sv\/wp-json\/wp\/v2\/pages"}],"about":[{"href":"https:\/\/www.sportsgym.fi\/sv\/wp-json\/wp\/v2\/types\/page"}],"author":[{"embeddable":true,"href":"https:\/\/www.sportsgym.fi\/sv\/wp-json\/wp\/v2\/users\/1"}],"replies":[{"embeddable":true,"href":"https:\/\/www.sportsgym.fi\/sv\/wp-json\/wp\/v2\/comments?post=2951"}],"version-history":[{"count":3,"href":"https:\/\/www.sportsgym.fi\/sv\/wp-json\/wp\/v2\/pages\/2951\/revisions"}],"predecessor-version":[{"id":33292,"href":"https:\/\/www.sportsgym.fi\/sv\/wp-json\/wp\/v2\/pages\/2951\/revisions\/33292"}],"wp:attachment":[{"href":"https:\/\/www.sportsgym.fi\/sv\/wp-json\/wp\/v2\/media?parent=2951"}],"curies":[{"name":"wp","href":"https:\/\/api.w.org\/{rel}","templated":true}]}}