{"id":3009,"date":"2018-04-25T10:50:34","date_gmt":"2018-04-25T07:50:34","guid":{"rendered":"http:\/\/www.sportsgym.fi\/?page_id=3009"},"modified":"2018-06-08T12:37:59","modified_gmt":"2018-06-08T09:37:59","slug":"rehab","status":"publish","type":"page","link":"https:\/\/www.sportsgym.fi\/sv\/traning\/rehab\/","title":{"rendered":"Rehab"},"content":{"rendered":"<p>[et_pb_section bb_built=&#8221;1&#8243; fullwidth=&#8221;on&#8221; specialty=&#8221;off&#8221; next_background_color=&#8221;#000000&#8243; _builder_version=&#8221;3.3.1&#8243; bottom_divider_style=&#8221;arrow&#8221; bottom_divider_color=&#8221;#ffffff&#8221;][et_pb_fullwidth_slider _builder_version=&#8221;3.6&#8243; header_level=&#8221;h1&#8243; header_font_size=&#8221;64&#8243; header_font_size_tablet=&#8221;40&#8243; header_font_size_phone=&#8221;30&#8243; header_font_size_last_edited=&#8221;on|phone&#8221;][et_pb_slide _builder_version=&#8221;3.6&#8243; button_link=&#8221;#&#8221; background_color=&#8221;#c5c5c5&#8243; use_background_color_gradient=&#8221;off&#8221; background_color_gradient_start=&#8221;#2b87da&#8221; background_color_gradient_end=&#8221;#29c4a9&#8243; background_color_gradient_type=&#8221;linear&#8221; background_color_gradient_direction=&#8221;180deg&#8221; background_color_gradient_direction_radial=&#8221;center&#8221; background_color_gradient_start_position=&#8221;0%&#8221; background_color_gradient_end_position=&#8221;100%&#8221; background_color_gradient_overlays_image=&#8221;off&#8221; background_image=&#8221;https:\/\/www.sportsgym.fi\/wp-content\/uploads\/kuntoutus-1.jpg&#8221; parallax=&#8221;on&#8221; parallax_method=&#8221;on&#8221; background_size=&#8221;cover&#8221; background_position=&#8221;center&#8221; background_repeat=&#8221;no-repeat&#8221; background_blend=&#8221;normal&#8221; allow_player_pause=&#8221;off&#8221; background_video_pause_outside_viewport=&#8221;on&#8221; use_bg_overlay=&#8221;off&#8221; use_text_overlay=&#8221;off&#8221; text_border_radius=&#8221;3&#8243; alignment=&#8221;center&#8221; child_filter_hue_rotate=&#8221;0deg&#8221; child_filter_saturate=&#8221;100%&#8221; child_filter_brightness=&#8221;100%&#8221; child_filter_contrast=&#8221;100%&#8221; child_filter_invert=&#8221;0%&#8221; child_filter_sepia=&#8221;0%&#8221; child_filter_opacity=&#8221;100%&#8221; child_filter_blur=&#8221;0px&#8221; child_mix_blend_mode=&#8221;normal&#8221; background_layout=&#8221;dark&#8221; text_shadow_style=&#8221;none&#8221; header_text_shadow_style=&#8221;none&#8221; body_text_shadow_style=&#8221;none&#8221; custom_button=&#8221;off&#8221; button_bg_use_color_gradient=&#8221;off&#8221; button_bg_color_gradient_overlays_image=&#8221;off&#8221; button_use_icon=&#8221;on&#8221; button_on_hover=&#8221;on&#8221; button_text_shadow_style=&#8221;none&#8221; box_shadow_style_button=&#8221;none&#8221; heading=&#8221;Rehabilitering&#8221; text_shadow_horizontal_length=&#8221;0em&#8221; text_shadow_vertical_length=&#8221;0em&#8221; text_shadow_blur_strength=&#8221;0em&#8221; header_text_shadow_horizontal_length=&#8221;0em&#8221; header_text_shadow_vertical_length=&#8221;0em&#8221; header_text_shadow_blur_strength=&#8221;0em&#8221; body_text_shadow_horizontal_length=&#8221;0em&#8221; body_text_shadow_vertical_length=&#8221;0em&#8221; body_text_shadow_blur_strength=&#8221;0em&#8221; button_text_shadow_horizontal_length=&#8221;0em&#8221; button_text_shadow_vertical_length=&#8221;0em&#8221; button_text_shadow_blur_strength=&#8221;0em&#8221; header_font_size_last_edited=&#8221;on|desktop&#8221; \/][\/et_pb_fullwidth_slider][\/et_pb_section][et_pb_section bb_built=&#8221;1&#8243; prev_background_color=&#8221;#000000&#8243;][et_pb_row][et_pb_column type=&#8221;2_3&#8243;][et_pb_text _builder_version=&#8221;3.5&#8243;]<\/p>\n<h2>Remiss fr\u00e5n fysioterapeut<\/h2>\n<p>Sports Gym erbjuder Fysiokort som st\u00f6d till fysioterapi f\u00f6r kunder med rehabiliteringsbehov. Fri tillg\u00e5ng till styrketr\u00e4ning i rehabiliteringssalen samt \u00e4ven i de \u00f6vriga tr\u00e4ningssalarna. Ans\u00f6kan om Fysiokortet g\u00f6rs i samr\u00e5d med fysioterapeut (remiss) till Sports Gyms reception. Kortet kan tecknas f\u00f6r en period av max tre m\u00e5nader. Din fysioterapeut \u00e4r \u00e4ven v\u00e4lkommen med under din tr\u00e4ning!<\/p>\n<p><strong>Fysiokort 40\u20ac\/m\u00e5n<\/strong><\/p>\n<p>[\/et_pb_text][\/et_pb_column][et_pb_column type=&#8221;1_3&#8243;][et_pb_image _builder_version=&#8221;3.5&#8243; src=&#8221;https:\/\/www.sportsgym.fi\/wp-content\/uploads\/DSC7508.jpg&#8221; \/][\/et_pb_column][\/et_pb_row][\/et_pb_section] <\/p>\n","protected":false},"excerpt":{"rendered":"<p><div class=\"et_pb_row et_pb_row_0 et_pb_row_empty\">\n\t\t\t\t\n\t\t\t\t\n\t\t\t\t\n\t\t\t\t\n\t\t\t\t\n\t\t\t<\/div> Remiss fr\u00e5n fysioterapeut Sports Gym erbjuder Fysiokort som st\u00f6d till fysioterapi f\u00f6r kunder med rehabiliteringsbehov. Fri tillg\u00e5ng till styrketr\u00e4ning i rehabiliteringssalen samt \u00e4ven i de \u00f6vriga tr\u00e4ningssalarna. Ans\u00f6kan om Fysiokortet g\u00f6rs i samr\u00e5d med fysioterapeut (remiss) till Sports Gyms reception. Kortet kan tecknas f\u00f6r en period av max tre m\u00e5nader. Din fysioterapeut \u00e4r \u00e4ven [&hellip;]<\/p>\n","protected":false},"author":1,"featured_media":0,"parent":3004,"menu_order":3,"comment_status":"closed","ping_status":"closed","template":"","meta":{"_et_pb_use_builder":"on","_et_pb_old_content":"","_et_gb_content_width":"","footnotes":""},"class_list":["post-3009","page","type-page","status-publish","hentry"],"yoast_head":"<!-- This site is optimized with the Yoast SEO plugin v27.3 - https:\/\/yoast.com\/product\/yoast-seo-wordpress\/ -->\n<title>Rehab - SportsGym<\/title>\n<meta name=\"robots\" content=\"index, follow, max-snippet:-1, max-image-preview:large, max-video-preview:-1\" \/>\n<link rel=\"canonical\" href=\"https:\/\/www.sportsgym.fi\/sv\/traning\/rehab\/\" \/>\n<meta property=\"og:locale\" content=\"sv_SE\" \/>\n<meta property=\"og:type\" content=\"article\" \/>\n<meta property=\"og:title\" content=\"Rehab - SportsGym\" \/>\n<meta property=\"og:description\" content=\"Remiss fr\u00e5n fysioterapeut Sports Gym erbjuder Fysiokort som st\u00f6d till fysioterapi f\u00f6r kunder med rehabiliteringsbehov. Fri tillg\u00e5ng till styrketr\u00e4ning i rehabiliteringssalen samt \u00e4ven i de \u00f6vriga tr\u00e4ningssalarna. Ans\u00f6kan om Fysiokortet g\u00f6rs i samr\u00e5d med fysioterapeut (remiss) till Sports Gyms reception. Kortet kan tecknas f\u00f6r en period av max tre m\u00e5nader. Din fysioterapeut \u00e4r \u00e4ven [&hellip;]\" \/>\n<meta property=\"og:url\" content=\"https:\/\/www.sportsgym.fi\/sv\/traning\/rehab\/\" \/>\n<meta property=\"og:site_name\" content=\"SportsGym\" \/>\n<meta property=\"article:modified_time\" content=\"2018-06-08T09:37:59+00:00\" \/>\n<meta name=\"twitter:card\" content=\"summary_large_image\" \/>\n<meta name=\"twitter:label1\" content=\"Ber\u00e4knad l\u00e4stid\" \/>\n\t<meta name=\"twitter:data1\" content=\"2 minuter\" \/>\n<script type=\"application\/ld+json\" class=\"yoast-schema-graph\">{\"@context\":\"https:\\\/\\\/schema.org\",\"@graph\":[{\"@type\":\"WebPage\",\"@id\":\"https:\\\/\\\/www.sportsgym.fi\\\/sv\\\/traning\\\/rehab\\\/\",\"url\":\"https:\\\/\\\/www.sportsgym.fi\\\/sv\\\/traning\\\/rehab\\\/\",\"name\":\"Rehab - SportsGym\",\"isPartOf\":{\"@id\":\"https:\\\/\\\/www.sportsgym.fi\\\/sv\\\/#website\"},\"datePublished\":\"2018-04-25T07:50:34+00:00\",\"dateModified\":\"2018-06-08T09:37:59+00:00\",\"breadcrumb\":{\"@id\":\"https:\\\/\\\/www.sportsgym.fi\\\/sv\\\/traning\\\/rehab\\\/#breadcrumb\"},\"inLanguage\":\"sv-SE\",\"potentialAction\":[{\"@type\":\"ReadAction\",\"target\":[\"https:\\\/\\\/www.sportsgym.fi\\\/sv\\\/traning\\\/rehab\\\/\"]}]},{\"@type\":\"BreadcrumbList\",\"@id\":\"https:\\\/\\\/www.sportsgym.fi\\\/sv\\\/traning\\\/rehab\\\/#breadcrumb\",\"itemListElement\":[{\"@type\":\"ListItem\",\"position\":1,\"name\":\"Home\",\"item\":\"https:\\\/\\\/www.sportsgym.fi\\\/sv\\\/\"},{\"@type\":\"ListItem\",\"position\":2,\"name\":\"Tr\u00e4ning\",\"item\":\"https:\\\/\\\/www.sportsgym.fi\\\/sv\\\/traning\\\/\"},{\"@type\":\"ListItem\",\"position\":3,\"name\":\"Rehab\"}]},{\"@type\":\"WebSite\",\"@id\":\"https:\\\/\\\/www.sportsgym.fi\\\/sv\\\/#website\",\"url\":\"https:\\\/\\\/www.sportsgym.fi\\\/sv\\\/\",\"name\":\"SportsGym\",\"description\":\"Training - Wellness - Health\",\"potentialAction\":[{\"@type\":\"SearchAction\",\"target\":{\"@type\":\"EntryPoint\",\"urlTemplate\":\"https:\\\/\\\/www.sportsgym.fi\\\/sv\\\/?s={search_term_string}\"},\"query-input\":{\"@type\":\"PropertyValueSpecification\",\"valueRequired\":true,\"valueName\":\"search_term_string\"}}],\"inLanguage\":\"sv-SE\"}]}<\/script>\n<!-- \/ Yoast SEO plugin. -->","yoast_head_json":{"title":"Rehab - SportsGym","robots":{"index":"index","follow":"follow","max-snippet":"max-snippet:-1","max-image-preview":"max-image-preview:large","max-video-preview":"max-video-preview:-1"},"canonical":"https:\/\/www.sportsgym.fi\/sv\/traning\/rehab\/","og_locale":"sv_SE","og_type":"article","og_title":"Rehab - SportsGym","og_description":"Remiss fr\u00e5n fysioterapeut Sports Gym erbjuder Fysiokort som st\u00f6d till fysioterapi f\u00f6r kunder med rehabiliteringsbehov. Fri tillg\u00e5ng till styrketr\u00e4ning i rehabiliteringssalen samt \u00e4ven i de \u00f6vriga tr\u00e4ningssalarna. Ans\u00f6kan om Fysiokortet g\u00f6rs i samr\u00e5d med fysioterapeut (remiss) till Sports Gyms reception. Kortet kan tecknas f\u00f6r en period av max tre m\u00e5nader. Din fysioterapeut \u00e4r \u00e4ven [&hellip;]","og_url":"https:\/\/www.sportsgym.fi\/sv\/traning\/rehab\/","og_site_name":"SportsGym","article_modified_time":"2018-06-08T09:37:59+00:00","twitter_card":"summary_large_image","twitter_misc":{"Ber\u00e4knad l\u00e4stid":"2 minuter"},"schema":{"@context":"https:\/\/schema.org","@graph":[{"@type":"WebPage","@id":"https:\/\/www.sportsgym.fi\/sv\/traning\/rehab\/","url":"https:\/\/www.sportsgym.fi\/sv\/traning\/rehab\/","name":"Rehab - SportsGym","isPartOf":{"@id":"https:\/\/www.sportsgym.fi\/sv\/#website"},"datePublished":"2018-04-25T07:50:34+00:00","dateModified":"2018-06-08T09:37:59+00:00","breadcrumb":{"@id":"https:\/\/www.sportsgym.fi\/sv\/traning\/rehab\/#breadcrumb"},"inLanguage":"sv-SE","potentialAction":[{"@type":"ReadAction","target":["https:\/\/www.sportsgym.fi\/sv\/traning\/rehab\/"]}]},{"@type":"BreadcrumbList","@id":"https:\/\/www.sportsgym.fi\/sv\/traning\/rehab\/#breadcrumb","itemListElement":[{"@type":"ListItem","position":1,"name":"Home","item":"https:\/\/www.sportsgym.fi\/sv\/"},{"@type":"ListItem","position":2,"name":"Tr\u00e4ning","item":"https:\/\/www.sportsgym.fi\/sv\/traning\/"},{"@type":"ListItem","position":3,"name":"Rehab"}]},{"@type":"WebSite","@id":"https:\/\/www.sportsgym.fi\/sv\/#website","url":"https:\/\/www.sportsgym.fi\/sv\/","name":"SportsGym","description":"Training - Wellness - Health","potentialAction":[{"@type":"SearchAction","target":{"@type":"EntryPoint","urlTemplate":"https:\/\/www.sportsgym.fi\/sv\/?s={search_term_string}"},"query-input":{"@type":"PropertyValueSpecification","valueRequired":true,"valueName":"search_term_string"}}],"inLanguage":"sv-SE"}]}},"_links":{"self":[{"href":"https:\/\/www.sportsgym.fi\/sv\/wp-json\/wp\/v2\/pages\/3009","targetHints":{"allow":["GET"]}}],"collection":[{"href":"https:\/\/www.sportsgym.fi\/sv\/wp-json\/wp\/v2\/pages"}],"about":[{"href":"https:\/\/www.sportsgym.fi\/sv\/wp-json\/wp\/v2\/types\/page"}],"author":[{"embeddable":true,"href":"https:\/\/www.sportsgym.fi\/sv\/wp-json\/wp\/v2\/users\/1"}],"replies":[{"embeddable":true,"href":"https:\/\/www.sportsgym.fi\/sv\/wp-json\/wp\/v2\/comments?post=3009"}],"version-history":[{"count":0,"href":"https:\/\/www.sportsgym.fi\/sv\/wp-json\/wp\/v2\/pages\/3009\/revisions"}],"up":[{"embeddable":true,"href":"https:\/\/www.sportsgym.fi\/sv\/wp-json\/wp\/v2\/pages\/3004"}],"wp:attachment":[{"href":"https:\/\/www.sportsgym.fi\/sv\/wp-json\/wp\/v2\/media?parent=3009"}],"curies":[{"name":"wp","href":"https:\/\/api.w.org\/{rel}","templated":true}]}}