{"id":3015,"date":"2018-02-28T20:18:49","date_gmt":"2018-02-28T18:18:49","guid":{"rendered":"http:\/\/www.sportsgym.fi\/?page_id=3015"},"modified":"2026-02-27T10:33:08","modified_gmt":"2026-02-27T08:33:08","slug":"tjanster","status":"publish","type":"page","link":"https:\/\/www.sportsgym.fi\/sv\/tjanster\/","title":{"rendered":"Tj\u00e4nster"},"content":{"rendered":"<p>[et_pb_section fb_built=&#8221;1&#8243; fullwidth=&#8221;on&#8221; _builder_version=&#8221;4.16&#8243; bottom_divider_style=&#8221;arrow&#8221; bottom_divider_color=&#8221;#ffffff&#8221; global_colors_info=&#8221;{}&#8221;][et_pb_fullwidth_slider _builder_version=&#8221;4.25.1&#8243; global_colors_info=&#8221;{}&#8221; button_text_size__hover_enabled=&#8221;off&#8221; button_one_text_size__hover_enabled=&#8221;off&#8221; button_two_text_size__hover_enabled=&#8221;off&#8221; button_text_color__hover_enabled=&#8221;off&#8221; button_one_text_color__hover_enabled=&#8221;off&#8221; button_two_text_color__hover_enabled=&#8221;off&#8221; button_border_width__hover_enabled=&#8221;off&#8221; button_one_border_width__hover_enabled=&#8221;off&#8221; button_two_border_width__hover_enabled=&#8221;off&#8221; button_border_color__hover_enabled=&#8221;off&#8221; button_one_border_color__hover_enabled=&#8221;off&#8221; button_two_border_color__hover_enabled=&#8221;off&#8221; button_border_radius__hover_enabled=&#8221;off&#8221; button_one_border_radius__hover_enabled=&#8221;off&#8221; button_two_border_radius__hover_enabled=&#8221;off&#8221; button_letter_spacing__hover_enabled=&#8221;off&#8221; button_one_letter_spacing__hover_enabled=&#8221;off&#8221; button_two_letter_spacing__hover_enabled=&#8221;off&#8221; button_bg_color__hover_enabled=&#8221;off&#8221; button_one_bg_color__hover_enabled=&#8221;off&#8221; button_two_bg_color__hover_enabled=&#8221;off&#8221;][et_pb_slide heading=&#8221;Tj\u00e4nster&#8221; use_bg_overlay=&#8221;off&#8221; use_text_overlay=&#8221;off&#8221; _builder_version=&#8221;4.25.1&#8243; header_level=&#8221;h1&#8243; header_font_size=&#8221;64&#8243; background_image=&#8221;https:\/\/www.sportsgym.fi\/wp-content\/uploads\/DSC09951-scaled.jpg&#8221; background_enable_image=&#8221;on&#8221; parallax=&#8221;on&#8221; button_on_hover=&#8221;on&#8221; header_font_size_tablet=&#8221;40&#8243; header_font_size_phone=&#8221;30&#8243; header_font_size_last_edited=&#8221;on|phone&#8221; global_colors_info=&#8221;{}&#8221; button_text_size__hover_enabled=&#8221;off&#8221; button_one_text_size__hover_enabled=&#8221;off&#8221; button_two_text_size__hover_enabled=&#8221;off&#8221; button_text_color__hover_enabled=&#8221;off&#8221; button_one_text_color__hover_enabled=&#8221;off&#8221; button_two_text_color__hover_enabled=&#8221;off&#8221; button_border_width__hover_enabled=&#8221;off&#8221; button_one_border_width__hover_enabled=&#8221;off&#8221; button_two_border_width__hover_enabled=&#8221;off&#8221; button_border_color__hover_enabled=&#8221;off&#8221; button_one_border_color__hover_enabled=&#8221;off&#8221; button_two_border_color__hover_enabled=&#8221;off&#8221; button_border_radius__hover_enabled=&#8221;off&#8221; button_one_border_radius__hover_enabled=&#8221;off&#8221; button_two_border_radius__hover_enabled=&#8221;off&#8221; button_letter_spacing__hover_enabled=&#8221;off&#8221; button_one_letter_spacing__hover_enabled=&#8221;off&#8221; button_two_letter_spacing__hover_enabled=&#8221;off&#8221; button_bg_color__hover_enabled=&#8221;off&#8221; button_one_bg_color__hover_enabled=&#8221;off&#8221; button_two_bg_color__hover_enabled=&#8221;off&#8221; sticky_transition=&#8221;on&#8221;][\/et_pb_slide][\/et_pb_fullwidth_slider][\/et_pb_section][et_pb_section fb_built=&#8221;1&#8243; _builder_version=&#8221;4.16&#8243; global_colors_info=&#8221;{}&#8221;][et_pb_row column_structure=&#8221;1_3,2_3&#8243; _builder_version=&#8221;4.16&#8243; background_size=&#8221;initial&#8221; background_position=&#8221;top_left&#8221; background_repeat=&#8221;repeat&#8221; global_colors_info=&#8221;{}&#8221;][et_pb_column type=&#8221;1_3&#8243; _builder_version=&#8221;4.16&#8243; custom_padding=&#8221;|||&#8221; global_colors_info=&#8221;{}&#8221; custom_padding__hover=&#8221;|||&#8221;][et_pb_image src=&#8221;https:\/\/www.sportsgym.fi\/wp-content\/uploads\/vastaanotto-shop.jpg&#8221; align_tablet=&#8221;center&#8221; align_phone=&#8221;&#8221; align_last_edited=&#8221;on|desktop&#8221; _builder_version=&#8221;4.16&#8243; global_colors_info=&#8221;{}&#8221;][\/et_pb_image][\/et_pb_column][et_pb_column type=&#8221;2_3&#8243; _builder_version=&#8221;4.16&#8243; custom_padding=&#8221;|||&#8221; global_colors_info=&#8221;{}&#8221; custom_padding__hover=&#8221;|||&#8221;][et_pb_text admin_label=&#8221;Reception&#8221; _builder_version=&#8221;4.24.3&#8243; global_colors_info=&#8221;{}&#8221;]<\/p>\n<h2>Reception<\/h2>\n<p>Kundservicen ligger oss n\u00e4ra hj\u00e4rtat. Vi vill att du trivs hos oss och att du k\u00e4nner dej som en av Sports Gyms stora familj. Vi \u00e4r glada att du kommer till oss f\u00f6r att tr\u00e4na och vi g\u00f6r v\u00e5rt b\u00e4sta f\u00f6r att du ska trivas och k\u00e4nna dej v\u00e4lkommen varje g\u00e5ng du kommer! Av receptionens personal kan du fr\u00e5ga allt du funderar \u00f6ver. I samband med receptionen finns v\u00e5r Shop d\u00e4r du hittar till exempel proteinbars samt drycker f\u00f6r \u00e5terh\u00e4mtning. H\u00e4rifr\u00e5n kan du \u00e4ven k\u00f6pa tr\u00e4ningsutrustning, drickaflaskor samt tr\u00e4ningskl\u00e4der.<\/p>\n<p>[\/et_pb_text][\/et_pb_column][\/et_pb_row][et_pb_row _builder_version=&#8221;4.16&#8243; background_size=&#8221;initial&#8221; background_position=&#8221;top_left&#8221; background_repeat=&#8221;repeat&#8221; global_colors_info=&#8221;{}&#8221;][et_pb_column type=&#8221;4_4&#8243; _builder_version=&#8221;4.16&#8243; custom_padding=&#8221;|||&#8221; global_colors_info=&#8221;{}&#8221; custom_padding__hover=&#8221;|||&#8221;][et_pb_divider _builder_version=&#8221;4.16&#8243; global_colors_info=&#8221;{}&#8221;][\/et_pb_divider][\/et_pb_column][\/et_pb_row][et_pb_row column_structure=&#8221;1_3,2_3&#8243; _builder_version=&#8221;4.16&#8243; background_size=&#8221;initial&#8221; background_position=&#8221;top_left&#8221; background_repeat=&#8221;repeat&#8221; global_colors_info=&#8221;{}&#8221;][et_pb_column type=&#8221;1_3&#8243; _builder_version=&#8221;4.16&#8243; custom_padding=&#8221;|||&#8221; global_colors_info=&#8221;{}&#8221; custom_padding__hover=&#8221;|||&#8221;][et_pb_image src=&#8221;https:\/\/www.sportsgym.fi\/wp-content\/uploads\/sportsgym-shop.jpg&#8221; align_tablet=&#8221;center&#8221; align_phone=&#8221;&#8221; align_last_edited=&#8221;on|desktop&#8221; _builder_version=&#8221;4.16&#8243; global_colors_info=&#8221;{}&#8221;][\/et_pb_image][\/et_pb_column][et_pb_column type=&#8221;2_3&#8243; _builder_version=&#8221;4.16&#8243; custom_padding=&#8221;|||&#8221; global_colors_info=&#8221;{}&#8221; custom_padding__hover=&#8221;|||&#8221;][et_pb_text admin_label=&#8221;Shop&#8221; _builder_version=&#8221;4.24.3&#8243; global_colors_info=&#8221;{}&#8221;]<\/p>\n<h2>Shop<\/h2>\n<p>I Sports Gyms Shop s\u00e4ljer vi kvalitetsprodukter som st\u00f6der din tr\u00e4ning. H\u00e4rifr\u00e5n kan du k\u00f6pa t.ex. proteinprodukter, drycker, bars, tr\u00e4ningskl\u00e4der och tr\u00e4ningsaccessoarer.<br \/>Sports Gyms medlemmar f\u00e5r -10% p\u00e5 alla produkter i Shopen!*<\/p>\n<h3>Produktm\u00e4rken<\/h3>\n<ul>\n<li>Scitec Nutrition<\/li>\n<li>Star Nutrition<\/li>\n<li>Barebells<\/li>\n<li>Nutramino<\/li>\n<li>Better Bodies<\/li>\n<li>GASP<\/li>\n<li>mm<\/li>\n<\/ul>\n<p>*g\u00e4ller produkter \u00f6ver 10\u20ac. G\u00e4ller ej reaprodukter.<\/p>\n<p>[\/et_pb_text][\/et_pb_column][\/et_pb_row][et_pb_row _builder_version=&#8221;4.16&#8243; background_size=&#8221;initial&#8221; background_position=&#8221;top_left&#8221; background_repeat=&#8221;repeat&#8221; global_colors_info=&#8221;{}&#8221;][et_pb_column type=&#8221;4_4&#8243; _builder_version=&#8221;4.16&#8243; custom_padding=&#8221;|||&#8221; global_colors_info=&#8221;{}&#8221; custom_padding__hover=&#8221;|||&#8221;][et_pb_divider _builder_version=&#8221;4.16&#8243; global_colors_info=&#8221;{}&#8221;][\/et_pb_divider][\/et_pb_column][\/et_pb_row][et_pb_row column_structure=&#8221;1_3,2_3&#8243; _builder_version=&#8221;4.16&#8243; background_size=&#8221;initial&#8221; background_position=&#8221;top_left&#8221; background_repeat=&#8221;repeat&#8221; global_colors_info=&#8221;{}&#8221;][et_pb_column type=&#8221;1_3&#8243; _builder_version=&#8221;4.16&#8243; custom_padding=&#8221;|||&#8221; global_colors_info=&#8221;{}&#8221; custom_padding__hover=&#8221;|||&#8221;][et_pb_image src=&#8221;https:\/\/www.sportsgym.fi\/wp-content\/uploads\/palvelut-avainsali.jpg&#8221; alt=&#8221;Avainsali&#8221; title_text=&#8221;Avainsali&#8221; align_tablet=&#8221;center&#8221; align_phone=&#8221;&#8221; align_last_edited=&#8221;on|desktop&#8221; _builder_version=&#8221;4.16&#8243; global_colors_info=&#8221;{}&#8221;][\/et_pb_image][\/et_pb_column][et_pb_column type=&#8221;2_3&#8243; _builder_version=&#8221;4.16&#8243; custom_padding=&#8221;|||&#8221; global_colors_info=&#8221;{}&#8221; custom_padding__hover=&#8221;|||&#8221;][et_pb_text admin_label=&#8221;Avainsali&#8221; _builder_version=&#8221;4.24.3&#8243; global_colors_info=&#8221;{}&#8221;]<\/p>\n<h2 class=\"Standard\"><span lang=\"FI\">Nyckelgym<\/span><\/h2>\n<p class=\"Standard\"><span lang=\"FI\">Med din tag\/nyckel kan du tr\u00e4na utanf\u00f6r kundservicens \u00f6ppeth\u00e5llningstider. Tagen\/nyckeln ger dig tillg\u00e5ng till gymmet VARJE DAG \u00e5ret runt mellan klockan 5.00 p\u00e5 morgonen och 22.00 p\u00e5 kv\u00e4llen. Tagen\/nyckeln \u00e4r ABSOLUT personlig!<\/span><\/p>\n<p>Tr\u00e4ning med tag\/nyckel inneb\u00e4r f\u00f6rtroende och ansvar. Du m\u00e5ste ensam passera d\u00f6rren och registrera ditt bes\u00f6k. Du f\u00e5r under inga omst\u00e4ndigheter sl\u00e4ppa in andra personer! Vid missbruk p\u00e5f\u00f6rs du en avgift om 50\u20ac eller tr\u00e4ningsf\u00f6rbud (min 1 m\u00e5nad).<\/p>\n<p>[\/et_pb_text][\/et_pb_column][\/et_pb_row][et_pb_row _builder_version=&#8221;4.16&#8243; background_size=&#8221;initial&#8221; background_position=&#8221;top_left&#8221; background_repeat=&#8221;repeat&#8221; global_colors_info=&#8221;{}&#8221;][et_pb_column type=&#8221;4_4&#8243; _builder_version=&#8221;4.16&#8243; custom_padding=&#8221;|||&#8221; global_colors_info=&#8221;{}&#8221; custom_padding__hover=&#8221;|||&#8221;][et_pb_divider _builder_version=&#8221;4.16&#8243; global_colors_info=&#8221;{}&#8221;][\/et_pb_divider][\/et_pb_column][\/et_pb_row][et_pb_row column_structure=&#8221;1_3,2_3&#8243; _builder_version=&#8221;4.16&#8243; background_size=&#8221;initial&#8221; background_position=&#8221;top_left&#8221; background_repeat=&#8221;repeat&#8221; global_colors_info=&#8221;{}&#8221;][et_pb_column type=&#8221;1_3&#8243; _builder_version=&#8221;4.16&#8243; custom_padding=&#8221;|||&#8221; global_colors_info=&#8221;{}&#8221; custom_padding__hover=&#8221;|||&#8221;][et_pb_image src=&#8221;https:\/\/www.sportsgym.fi\/wp-content\/uploads\/lahjakortit-1.jpg&#8221; align_tablet=&#8221;center&#8221; align_phone=&#8221;&#8221; align_last_edited=&#8221;on|desktop&#8221; _builder_version=&#8221;4.16&#8243; global_colors_info=&#8221;{}&#8221;][\/et_pb_image][\/et_pb_column][et_pb_column type=&#8221;2_3&#8243; _builder_version=&#8221;4.16&#8243; custom_padding=&#8221;|||&#8221; global_colors_info=&#8221;{}&#8221; custom_padding__hover=&#8221;|||&#8221;][et_pb_text admin_label=&#8221;Lahjakortit&#8221; _builder_version=&#8221;4.24.3&#8243; global_colors_info=&#8221;{}&#8221;]<\/p>\n<h2 class=\"Standard\"><span lang=\"FI\">Presentkort<\/span><\/h2>\n<p class=\"Standard\"><span lang=\"FI\">Sports Gyms presentkort \u00e4r en uppskattad g\u00e5va!<\/span><\/p>\n<p class=\"Standard\"><span lang=\"FI\">Presentkortet \u00e4r en enkel g\u00e5va som ger mottagaren m\u00f6jlighet att hitta tr\u00e4ningsgl\u00e4djen hos oss! Du v\u00e4ljer sj\u00e4lv vilken summa du vill k\u00f6pa presentkort f\u00f6r och det \u00e4r i kraft 3m\u00e5n fr\u00e5n k\u00f6pdagen.<\/span><\/p>\n<p>[\/et_pb_text][\/et_pb_column][\/et_pb_row][et_pb_row _builder_version=&#8221;4.16&#8243; background_size=&#8221;initial&#8221; background_position=&#8221;top_left&#8221; background_repeat=&#8221;repeat&#8221; global_colors_info=&#8221;{}&#8221;][et_pb_column type=&#8221;4_4&#8243; _builder_version=&#8221;4.16&#8243; custom_padding=&#8221;|||&#8221; global_colors_info=&#8221;{}&#8221; custom_padding__hover=&#8221;|||&#8221;][et_pb_divider _builder_version=&#8221;4.16&#8243; global_colors_info=&#8221;{}&#8221;][\/et_pb_divider][\/et_pb_column][\/et_pb_row][et_pb_row column_structure=&#8221;1_3,2_3&#8243; _builder_version=&#8221;4.16&#8243; background_size=&#8221;initial&#8221; background_position=&#8221;top_left&#8221; background_repeat=&#8221;repeat&#8221; global_colors_info=&#8221;{}&#8221;][et_pb_column type=&#8221;1_3&#8243; _builder_version=&#8221;4.16&#8243; custom_padding=&#8221;|||&#8221; global_colors_info=&#8221;{}&#8221; custom_padding__hover=&#8221;|||&#8221;][et_pb_image src=&#8221;https:\/\/www.sportsgym.fi\/wp-content\/uploads\/kehonkoostumusmittaus-tanita-vaaalla-1.jpg&#8221; align_tablet=&#8221;center&#8221; align_phone=&#8221;&#8221; align_last_edited=&#8221;on|desktop&#8221; _builder_version=&#8221;4.16&#8243; global_colors_info=&#8221;{}&#8221;][\/et_pb_image][\/et_pb_column][et_pb_column type=&#8221;2_3&#8243; _builder_version=&#8221;4.16&#8243; custom_padding=&#8221;|||&#8221; global_colors_info=&#8221;{}&#8221; custom_padding__hover=&#8221;|||&#8221;][et_pb_text admin_label=&#8221;Tanita&#8221; _builder_version=&#8221;4.27.5&#8243; hover_enabled=&#8221;0&#8243; global_colors_info=&#8221;{}&#8221; sticky_enabled=&#8221;0&#8243;]<\/p>\n<h2>M\u00e4tning av kroppssammans\u00e4ttning med Tanita-v\u00e5g<\/h2>\n<p>P\u00e5 Sports Gym finns en Tanita SC-330 v\u00e5g som ger dej mycket mera info \u00e4n en vanlig v\u00e5g.<br \/>En Tanita-v\u00e5g anv\u00e4nder sig av en teknologi som ger dig en bra helhetsbild av din h\u00e4lsa. En tanitav\u00e4gning ger dig mycket information, inte bara om sj\u00e4lva kroppsvikten utan \u00e4ven hur den \u00e4r f\u00f6rdelad vad g\u00e4ller muskler och fettmassa \u00f6ver hela kroppen, viskerala fettet, benmassa samt vad din metaboliska \u00e5lder \u00e4r. Med tanitav\u00e4gning kan du enket f\u00f6lja med dina resultat och din utveckling. Tanitam\u00e4tningen ing\u00e5r i priset i v\u00e5ra PT-tj\u00e4nster.<\/p>\n<h3>Priser:<\/h3>\n<p>10x-kort f\u00f6r medlemmar: 45\u20ac<br \/>10x-kort normalpris: 64\u20ac<br \/>Eng\u00e5ngsavgift: 9\u20ac<\/p>\n<p>[\/et_pb_text][\/et_pb_column][\/et_pb_row][et_pb_row _builder_version=&#8221;4.16&#8243; background_size=&#8221;initial&#8221; background_position=&#8221;top_left&#8221; background_repeat=&#8221;repeat&#8221; global_colors_info=&#8221;{}&#8221;][et_pb_column type=&#8221;4_4&#8243; _builder_version=&#8221;4.16&#8243; custom_padding=&#8221;|||&#8221; global_colors_info=&#8221;{}&#8221; custom_padding__hover=&#8221;|||&#8221;][et_pb_divider _builder_version=&#8221;4.16&#8243; global_colors_info=&#8221;{}&#8221;][\/et_pb_divider][\/et_pb_column][\/et_pb_row][et_pb_row column_structure=&#8221;1_3,2_3&#8243; _builder_version=&#8221;4.16&#8243; background_size=&#8221;initial&#8221; background_position=&#8221;top_left&#8221; background_repeat=&#8221;repeat&#8221; global_colors_info=&#8221;{}&#8221;][et_pb_column type=&#8221;1_3&#8243; _builder_version=&#8221;4.16&#8243; custom_padding=&#8221;|||&#8221; global_colors_info=&#8221;{}&#8221; custom_padding__hover=&#8221;|||&#8221;][et_pb_image src=&#8221;https:\/\/www.sportsgym.fi\/wp-content\/uploads\/sorlarium-1.jpg&#8221; align_tablet=&#8221;center&#8221; align_phone=&#8221;&#8221; align_last_edited=&#8221;on|desktop&#8221; _builder_version=&#8221;4.16&#8243; global_colors_info=&#8221;{}&#8221;][\/et_pb_image][\/et_pb_column][et_pb_column type=&#8221;2_3&#8243; _builder_version=&#8221;4.16&#8243; custom_padding=&#8221;|||&#8221; global_colors_info=&#8221;{}&#8221; custom_padding__hover=&#8221;|||&#8221;][et_pb_text admin_label=&#8221;Solarium&#8221; _builder_version=&#8221;4.24.3&#8243; global_colors_info=&#8221;{}&#8221;]<\/p>\n<h2>Solarium<\/h2>\n<p>Slappna av i solariumet!<\/p>\n<p>Solariumets effekt baserar sig p\u00e5 ultraviolett str\u00e5lning, som traditionellt anv\u00e4nts f\u00f6r att f\u00e5 en solbr\u00e4nna utan sol.<\/p>\n<p>Att sola i solarium ger energi, speciellt under \u00e5rets m\u00f6rka tider!<\/p>\n<p>Sola s\u00e4kert. Ta din hudtyp i beaktande och sola passligt ofta och passligt l\u00e4nge.<\/p>\n<h3>Priser:<\/h3>\n<p>10x-kort f\u00f6r medlemmar: 45\u20ac<br \/>10x-kort normalpris: 64\u20ac<br \/>Eng\u00e5ngsavgift: 9\u20ac<\/p>\n<p><strong>Det l\u00f6nar sig att boka tid till solariumet p\u00e5 f\u00f6rhand!<\/strong><\/p>\n<p>[\/et_pb_text][\/et_pb_column][\/et_pb_row][et_pb_row _builder_version=&#8221;4.16&#8243; background_size=&#8221;initial&#8221; background_position=&#8221;top_left&#8221; background_repeat=&#8221;repeat&#8221; global_colors_info=&#8221;{}&#8221;][et_pb_column type=&#8221;4_4&#8243; _builder_version=&#8221;4.16&#8243; custom_padding=&#8221;|||&#8221; global_colors_info=&#8221;{}&#8221; custom_padding__hover=&#8221;|||&#8221;][et_pb_divider _builder_version=&#8221;4.16&#8243; global_colors_info=&#8221;{}&#8221;][\/et_pb_divider][\/et_pb_column][\/et_pb_row][et_pb_row column_structure=&#8221;1_3,2_3&#8243; _builder_version=&#8221;4.16&#8243; background_size=&#8221;initial&#8221; background_position=&#8221;top_left&#8221; background_repeat=&#8221;repeat&#8221; global_colors_info=&#8221;{}&#8221;][et_pb_column type=&#8221;1_3&#8243; _builder_version=&#8221;4.16&#8243; custom_padding=&#8221;|||&#8221; global_colors_info=&#8221;{}&#8221; custom_padding__hover=&#8221;|||&#8221;][et_pb_image src=&#8221;https:\/\/www.sportsgym.fi\/wp-content\/uploads\/bollhav-1.jpg&#8221; align_tablet=&#8221;center&#8221; align_phone=&#8221;&#8221; align_last_edited=&#8221;on|desktop&#8221; _builder_version=&#8221;4.24.3&#8243; global_colors_info=&#8221;{}&#8221;][\/et_pb_image][\/et_pb_column][et_pb_column type=&#8221;2_3&#8243; _builder_version=&#8221;4.16&#8243; custom_padding=&#8221;|||&#8221; global_colors_info=&#8221;{}&#8221; custom_padding__hover=&#8221;|||&#8221;][et_pb_text admin_label=&#8221;Lasten leikkipaikka &#8221; _builder_version=&#8221;4.24.3&#8243; global_colors_info=&#8221;{}&#8221;]<\/p>\n<h2>Barnens lek-&amp;mysh\u00f6rna<\/h2>\n<p>Hela familjen \u00e4r v\u00e4lkommen till Sports Gym!<\/p>\n<p>P\u00e5 Sports Gyms tr\u00e4ningscenter finns en egen lek-&amp; mysh\u00f6rna f\u00f6r de minsta barnen. H\u00e4r kan barnen kl\u00e4ttra, leka och ha roligt tillsammans medan f\u00f6r\u00e4ldrarna tr\u00e4nar. Barnen kan ocks\u00e5 mysa in sig med filt och dyna och ta med egen underh\u00e5llning (bok&amp;film)<\/p>\n<p>F\u00f6r\u00e4ldrarna ansvarar f\u00f6r barnen p\u00e5 lekplatsen.<\/p>\n<p>[\/et_pb_text][\/et_pb_column][\/et_pb_row][\/et_pb_section]<\/p>\n","protected":false},"excerpt":{"rendered":"<p>Reception Kundservicen ligger oss n\u00e4ra hj\u00e4rtat. Vi vill att du trivs hos oss och att du k\u00e4nner dej som en av Sports Gyms stora familj. Vi \u00e4r glada att du kommer till oss f\u00f6r att tr\u00e4na och vi g\u00f6r v\u00e5rt b\u00e4sta f\u00f6r att du ska trivas och k\u00e4nna dej v\u00e4lkommen varje g\u00e5ng du kommer! Av [&hellip;]<\/p>\n","protected":false},"author":1,"featured_media":0,"parent":0,"menu_order":4,"comment_status":"closed","ping_status":"closed","template":"","meta":{"_et_pb_use_builder":"on","_et_pb_old_content":"","_et_gb_content_width":"","footnotes":""},"class_list":["post-3015","page","type-page","status-publish","hentry"],"yoast_head":"<!-- This site is optimized with the Yoast SEO plugin v27.4 - https:\/\/yoast.com\/product\/yoast-seo-wordpress\/ -->\n<title>Tj\u00e4nster - SportsGym<\/title>\n<meta name=\"robots\" content=\"index, follow, max-snippet:-1, max-image-preview:large, max-video-preview:-1\" \/>\n<link rel=\"canonical\" href=\"https:\/\/www.sportsgym.fi\/sv\/tjanster\/\" \/>\n<meta property=\"og:locale\" content=\"sv_SE\" \/>\n<meta property=\"og:type\" content=\"article\" \/>\n<meta property=\"og:title\" content=\"Tj\u00e4nster - SportsGym\" \/>\n<meta property=\"og:description\" content=\"Reception Kundservicen ligger oss n\u00e4ra hj\u00e4rtat. Vi vill att du trivs hos oss och att du k\u00e4nner dej som en av Sports Gyms stora familj. Vi \u00e4r glada att du kommer till oss f\u00f6r att tr\u00e4na och vi g\u00f6r v\u00e5rt b\u00e4sta f\u00f6r att du ska trivas och k\u00e4nna dej v\u00e4lkommen varje g\u00e5ng du kommer! Av [&hellip;]\" \/>\n<meta property=\"og:url\" content=\"https:\/\/www.sportsgym.fi\/sv\/tjanster\/\" \/>\n<meta property=\"og:site_name\" content=\"SportsGym\" \/>\n<meta property=\"article:modified_time\" content=\"2026-02-27T08:33:08+00:00\" \/>\n<meta name=\"twitter:card\" content=\"summary_large_image\" \/>\n<meta name=\"twitter:label1\" content=\"Ber\u00e4knad l\u00e4stid\" \/>\n\t<meta name=\"twitter:data1\" content=\"5 minuter\" \/>\n<script type=\"application\/ld+json\" class=\"yoast-schema-graph\">{\"@context\":\"https:\\\/\\\/schema.org\",\"@graph\":[{\"@type\":\"WebPage\",\"@id\":\"https:\\\/\\\/www.sportsgym.fi\\\/sv\\\/tjanster\\\/\",\"url\":\"https:\\\/\\\/www.sportsgym.fi\\\/sv\\\/tjanster\\\/\",\"name\":\"Tj\u00e4nster - SportsGym\",\"isPartOf\":{\"@id\":\"https:\\\/\\\/www.sportsgym.fi\\\/sv\\\/#website\"},\"datePublished\":\"2018-02-28T18:18:49+00:00\",\"dateModified\":\"2026-02-27T08:33:08+00:00\",\"breadcrumb\":{\"@id\":\"https:\\\/\\\/www.sportsgym.fi\\\/sv\\\/tjanster\\\/#breadcrumb\"},\"inLanguage\":\"sv-SE\",\"potentialAction\":[{\"@type\":\"ReadAction\",\"target\":[\"https:\\\/\\\/www.sportsgym.fi\\\/sv\\\/tjanster\\\/\"]}]},{\"@type\":\"BreadcrumbList\",\"@id\":\"https:\\\/\\\/www.sportsgym.fi\\\/sv\\\/tjanster\\\/#breadcrumb\",\"itemListElement\":[{\"@type\":\"ListItem\",\"position\":1,\"name\":\"Home\",\"item\":\"https:\\\/\\\/www.sportsgym.fi\\\/sv\\\/\"},{\"@type\":\"ListItem\",\"position\":2,\"name\":\"Tj\u00e4nster\"}]},{\"@type\":\"WebSite\",\"@id\":\"https:\\\/\\\/www.sportsgym.fi\\\/sv\\\/#website\",\"url\":\"https:\\\/\\\/www.sportsgym.fi\\\/sv\\\/\",\"name\":\"SportsGym\",\"description\":\"Training - Wellness - Health\",\"potentialAction\":[{\"@type\":\"SearchAction\",\"target\":{\"@type\":\"EntryPoint\",\"urlTemplate\":\"https:\\\/\\\/www.sportsgym.fi\\\/sv\\\/?s={search_term_string}\"},\"query-input\":{\"@type\":\"PropertyValueSpecification\",\"valueRequired\":true,\"valueName\":\"search_term_string\"}}],\"inLanguage\":\"sv-SE\"}]}<\/script>\n<!-- \/ Yoast SEO plugin. -->","yoast_head_json":{"title":"Tj\u00e4nster - SportsGym","robots":{"index":"index","follow":"follow","max-snippet":"max-snippet:-1","max-image-preview":"max-image-preview:large","max-video-preview":"max-video-preview:-1"},"canonical":"https:\/\/www.sportsgym.fi\/sv\/tjanster\/","og_locale":"sv_SE","og_type":"article","og_title":"Tj\u00e4nster - SportsGym","og_description":"Reception Kundservicen ligger oss n\u00e4ra hj\u00e4rtat. Vi vill att du trivs hos oss och att du k\u00e4nner dej som en av Sports Gyms stora familj. Vi \u00e4r glada att du kommer till oss f\u00f6r att tr\u00e4na och vi g\u00f6r v\u00e5rt b\u00e4sta f\u00f6r att du ska trivas och k\u00e4nna dej v\u00e4lkommen varje g\u00e5ng du kommer! Av [&hellip;]","og_url":"https:\/\/www.sportsgym.fi\/sv\/tjanster\/","og_site_name":"SportsGym","article_modified_time":"2026-02-27T08:33:08+00:00","twitter_card":"summary_large_image","twitter_misc":{"Ber\u00e4knad l\u00e4stid":"5 minuter"},"schema":{"@context":"https:\/\/schema.org","@graph":[{"@type":"WebPage","@id":"https:\/\/www.sportsgym.fi\/sv\/tjanster\/","url":"https:\/\/www.sportsgym.fi\/sv\/tjanster\/","name":"Tj\u00e4nster - SportsGym","isPartOf":{"@id":"https:\/\/www.sportsgym.fi\/sv\/#website"},"datePublished":"2018-02-28T18:18:49+00:00","dateModified":"2026-02-27T08:33:08+00:00","breadcrumb":{"@id":"https:\/\/www.sportsgym.fi\/sv\/tjanster\/#breadcrumb"},"inLanguage":"sv-SE","potentialAction":[{"@type":"ReadAction","target":["https:\/\/www.sportsgym.fi\/sv\/tjanster\/"]}]},{"@type":"BreadcrumbList","@id":"https:\/\/www.sportsgym.fi\/sv\/tjanster\/#breadcrumb","itemListElement":[{"@type":"ListItem","position":1,"name":"Home","item":"https:\/\/www.sportsgym.fi\/sv\/"},{"@type":"ListItem","position":2,"name":"Tj\u00e4nster"}]},{"@type":"WebSite","@id":"https:\/\/www.sportsgym.fi\/sv\/#website","url":"https:\/\/www.sportsgym.fi\/sv\/","name":"SportsGym","description":"Training - Wellness - Health","potentialAction":[{"@type":"SearchAction","target":{"@type":"EntryPoint","urlTemplate":"https:\/\/www.sportsgym.fi\/sv\/?s={search_term_string}"},"query-input":{"@type":"PropertyValueSpecification","valueRequired":true,"valueName":"search_term_string"}}],"inLanguage":"sv-SE"}]}},"_links":{"self":[{"href":"https:\/\/www.sportsgym.fi\/sv\/wp-json\/wp\/v2\/pages\/3015","targetHints":{"allow":["GET"]}}],"collection":[{"href":"https:\/\/www.sportsgym.fi\/sv\/wp-json\/wp\/v2\/pages"}],"about":[{"href":"https:\/\/www.sportsgym.fi\/sv\/wp-json\/wp\/v2\/types\/page"}],"author":[{"embeddable":true,"href":"https:\/\/www.sportsgym.fi\/sv\/wp-json\/wp\/v2\/users\/1"}],"replies":[{"embeddable":true,"href":"https:\/\/www.sportsgym.fi\/sv\/wp-json\/wp\/v2\/comments?post=3015"}],"version-history":[{"count":11,"href":"https:\/\/www.sportsgym.fi\/sv\/wp-json\/wp\/v2\/pages\/3015\/revisions"}],"predecessor-version":[{"id":34621,"href":"https:\/\/www.sportsgym.fi\/sv\/wp-json\/wp\/v2\/pages\/3015\/revisions\/34621"}],"wp:attachment":[{"href":"https:\/\/www.sportsgym.fi\/sv\/wp-json\/wp\/v2\/media?parent=3015"}],"curies":[{"name":"wp","href":"https:\/\/api.w.org\/{rel}","templated":true}]}}