{"id":30909,"date":"2022-03-17T12:53:21","date_gmt":"2022-03-17T10:53:21","guid":{"rendered":"https:\/\/www.sportsgym.fi\/traning\/kuntosali\/"},"modified":"2026-03-07T22:21:33","modified_gmt":"2026-03-07T20:21:33","slug":"gymtraning","status":"publish","type":"page","link":"https:\/\/www.sportsgym.fi\/sv\/traning\/gymtraning\/","title":{"rendered":"Gymtr\u00e4ning"},"content":{"rendered":"<p>[et_pb_section fb_built=&#8221;1&#8243; fullwidth=&#8221;on&#8221; _builder_version=&#8221;4.16&#8243; bottom_divider_style=&#8221;arrow&#8221; bottom_divider_color=&#8221;#ffffff&#8221; global_colors_info=&#8221;{}&#8221;][et_pb_fullwidth_slider _builder_version=&#8221;4.16&#8243; global_colors_info=&#8221;{}&#8221; button_text_size__hover_enabled=&#8221;off&#8221; button_one_text_size__hover_enabled=&#8221;off&#8221; button_two_text_size__hover_enabled=&#8221;off&#8221; button_text_color__hover_enabled=&#8221;off&#8221; button_one_text_color__hover_enabled=&#8221;off&#8221; button_two_text_color__hover_enabled=&#8221;off&#8221; button_border_width__hover_enabled=&#8221;off&#8221; button_one_border_width__hover_enabled=&#8221;off&#8221; button_two_border_width__hover_enabled=&#8221;off&#8221; button_border_color__hover_enabled=&#8221;off&#8221; button_one_border_color__hover_enabled=&#8221;off&#8221; button_two_border_color__hover_enabled=&#8221;off&#8221; button_border_radius__hover_enabled=&#8221;off&#8221; button_one_border_radius__hover_enabled=&#8221;off&#8221; button_two_border_radius__hover_enabled=&#8221;off&#8221; button_letter_spacing__hover_enabled=&#8221;off&#8221; button_one_letter_spacing__hover_enabled=&#8221;off&#8221; button_two_letter_spacing__hover_enabled=&#8221;off&#8221; button_bg_color__hover_enabled=&#8221;off&#8221; button_one_bg_color__hover_enabled=&#8221;off&#8221; button_two_bg_color__hover_enabled=&#8221;off&#8221;][et_pb_slide heading=&#8221;Gymtr\u00e4ning&#8221; use_bg_overlay=&#8221;off&#8221; use_text_overlay=&#8221;off&#8221; _builder_version=&#8221;4.16&#8243; header_level=&#8221;h1&#8243; header_font_size=&#8221;64&#8243; background_image=&#8221;https:\/\/www.sportsgym.fi\/wp-content\/uploads\/kuntosali.jpg&#8221; parallax=&#8221;on&#8221; button_on_hover=&#8221;on&#8221; header_font_size_tablet=&#8221;40&#8243; header_font_size_phone=&#8221;30&#8243; header_font_size_last_edited=&#8221;on|phone&#8221; global_colors_info=&#8221;{}&#8221; button_text_size__hover_enabled=&#8221;off&#8221; button_one_text_size__hover_enabled=&#8221;off&#8221; button_two_text_size__hover_enabled=&#8221;off&#8221; button_text_color__hover_enabled=&#8221;off&#8221; button_one_text_color__hover_enabled=&#8221;off&#8221; button_two_text_color__hover_enabled=&#8221;off&#8221; button_border_width__hover_enabled=&#8221;off&#8221; button_one_border_width__hover_enabled=&#8221;off&#8221; button_two_border_width__hover_enabled=&#8221;off&#8221; button_border_color__hover_enabled=&#8221;off&#8221; button_one_border_color__hover_enabled=&#8221;off&#8221; button_two_border_color__hover_enabled=&#8221;off&#8221; button_border_radius__hover_enabled=&#8221;off&#8221; button_one_border_radius__hover_enabled=&#8221;off&#8221; button_two_border_radius__hover_enabled=&#8221;off&#8221; button_letter_spacing__hover_enabled=&#8221;off&#8221; button_one_letter_spacing__hover_enabled=&#8221;off&#8221; button_two_letter_spacing__hover_enabled=&#8221;off&#8221; button_bg_color__hover_enabled=&#8221;off&#8221; button_one_bg_color__hover_enabled=&#8221;off&#8221; button_two_bg_color__hover_enabled=&#8221;off&#8221; sticky_transition=&#8221;on&#8221;][\/et_pb_slide][\/et_pb_fullwidth_slider][\/et_pb_section][et_pb_section fb_built=&#8221;1&#8243; _builder_version=&#8221;4.16&#8243; global_colors_info=&#8221;{}&#8221;][et_pb_row column_structure=&#8221;2_3,1_3&#8243; _builder_version=&#8221;4.16&#8243; background_size=&#8221;initial&#8221; background_position=&#8221;top_left&#8221; background_repeat=&#8221;repeat&#8221; global_colors_info=&#8221;{}&#8221;][et_pb_column type=&#8221;2_3&#8243; _builder_version=&#8221;4.16&#8243; custom_padding=&#8221;|||&#8221; global_colors_info=&#8221;{}&#8221; custom_padding__hover=&#8221;|||&#8221;][et_pb_text _builder_version=&#8221;4.27.6&#8243; hover_enabled=&#8221;0&#8243; global_colors_info=&#8221;{}&#8221; sticky_enabled=&#8221;0&#8243;]<\/p>\n<h2>Konditionssalstr\u00e4ning<\/h2>\n<p>P\u00e5 Sports Gym kan du gymtr\u00e4na i 6 salar, varje dag kl 5-22. H\u00e4r finns <strong>Wellness<\/strong> <b>Gym<\/b> med traditionella tr\u00e4ningsmaskiner, fria vikter o uppv\u00e4rmningsalternativ. Allt fr\u00e5n l\u00f6pmattor, roddmaskiner, cyklar, skiergon och crosstrainers. H\u00e4r b\u00f6rjar de flesta, en sal f\u00f6r vilken motion\u00e4r som helst. I <b>Senior Gym<\/b> salen tr\u00e4nar en hel del pension\u00e4rer dagtid och h\u00e4r hittar du ocks\u00e5 v\u00e5rt <b>Lady Gym <\/b>kl<b> <\/b>5-22<b>. <\/b>Det \u00e4r en lugn sal, s\u00e5 vill du tr\u00e4na i lugn milj\u00f6 \u00e4r den salen ditt alternativ. H\u00e4r hittar du \u00e4ven v\u00e5ra m\u00e5ngsidiga virtuella tr\u00e4ningar p\u00e5 storbildssk\u00e4rm\u00a0<strong> &#8211; <\/strong>som att ha en egen PT med p\u00e5 tr\u00e4ningarna! I <strong>Heavy<\/strong> <b>Gym<\/b> \u00e4r det gymtr\u00e4ning, fart, musik, go, feelis, attityd, no pain no gain som g\u00e4ller. En helt egen unik milj\u00f6, som blivit m\u00e5nga sportsgymmares favoritsal, vi h\u00f6r ofta att en s\u00e5dan h\u00e4r sal o k\u00e4nsla finns ingen annanstans! Hit s\u00f6ker du dig g\u00e4rna n\u00e4r du \u00e4r tr\u00e4ningsvan eller bara modig :). I <strong>Crosstraining&amp;Energy<\/strong> salen tr\u00e4nar vi p\u00e5 det vi \u00e4r byggda f\u00f6r att g\u00f6ra: lyfta, dra, knuffa, kasta, springa och kl\u00e4ttra. H\u00e4r finns allt som beh\u00f6vs f\u00f6r din funktionella tr\u00e4ning: skivst\u00e4nger, kettlebells, wallballs, hantlar, plyoboxar, ringar, kl\u00e4tterrep, roddmaskiner etc.<\/p>\n<p>Grupptr\u00e4ningar &amp; privatbokningar p\u00e5g\u00e5r framf\u00f6rallt i <strong>Dance<\/strong><strong>&amp;Mind<\/strong> salen samt i <b>Spinning Studion<\/b> p\u00e5 \u00f6vre v\u00e5ningen. H\u00e4r \u00e4r det fritt fram att stretcha eller annars bara utnyttja de stora ytorna f\u00f6r din tr\u00e4ning n\u00e4r salarna \u00e4r lediga. I\u00a0<strong>Crosstraining&amp;Energy <\/strong>finns det endel bokningar<strong>. <\/strong>Kolla aktuellt veckoschema!<strong> Wellness<\/strong> <b>Gym<\/b> och <strong>Heavy<\/strong> <b>Gym<\/b> \u00e4r alltid tillg\u00e4ngliga f\u00f6r din gymtr\u00e4ning!<\/p>\n<p>[\/et_pb_text][\/et_pb_column][et_pb_column type=&#8221;1_3&#8243; _builder_version=&#8221;4.16&#8243; custom_padding=&#8221;|||&#8221; global_colors_info=&#8221;{}&#8221; custom_padding__hover=&#8221;|||&#8221;][et_pb_image src=&#8221;https:\/\/www.sportsgym.fi\/wp-content\/uploads\/kuntosali-paino.jpg&#8221; align_tablet=&#8221;center&#8221; align_phone=&#8221;center&#8221; align_last_edited=&#8221;on|desktop&#8221; _builder_version=&#8221;4.16&#8243; global_colors_info=&#8221;{}&#8221;][\/et_pb_image][\/et_pb_column][\/et_pb_row][\/et_pb_section]<\/p>\n","protected":false},"excerpt":{"rendered":"<p>Konditionssalstr\u00e4ning P\u00e5 Sports Gym kan du gymtr\u00e4na i 6 salar, varje dag kl 5-22. H\u00e4r finns Wellness Gym med traditionella tr\u00e4ningsmaskiner, fria vikter o uppv\u00e4rmningsalternativ. Allt fr\u00e5n l\u00f6pmattor, roddmaskiner, cyklar, skiergon och crosstrainers. H\u00e4r b\u00f6rjar de flesta, en sal f\u00f6r vilken motion\u00e4r som helst. I Senior Gym salen tr\u00e4nar en hel del pension\u00e4rer dagtid och [&hellip;]<\/p>\n","protected":false},"author":1,"featured_media":0,"parent":3004,"menu_order":0,"comment_status":"closed","ping_status":"closed","template":"","meta":{"_et_pb_use_builder":"on","_et_pb_old_content":"<p>[et_pb_section bb_built=\"1\" fullwidth=\"on\" specialty=\"off\" next_background_color=\"#000000\" _builder_version=\"3.3.1\" bottom_divider_style=\"arrow\" bottom_divider_color=\"#ffffff\"][et_pb_fullwidth_slider _builder_version=\"3.6\"][et_pb_slide _builder_version=\"3.6\" button_link=\"#\" background_color=\"#c5c5c5\" use_background_color_gradient=\"off\" background_color_gradient_start=\"#2b87da\" background_color_gradient_end=\"#29c4a9\" background_color_gradient_type=\"linear\" background_color_gradient_direction=\"180deg\" background_color_gradient_direction_radial=\"center\" background_color_gradient_start_position=\"0%\" background_color_gradient_end_position=\"100%\" background_color_gradient_overlays_image=\"off\" background_image=\"https:\/\/www.sportsgym.fi\/wp-content\/uploads\/kuntosali.jpg\" parallax=\"on\" parallax_method=\"on\" background_size=\"cover\" background_position=\"center\" background_repeat=\"no-repeat\" background_blend=\"normal\" allow_player_pause=\"off\" background_video_pause_outside_viewport=\"on\" use_bg_overlay=\"off\" use_text_overlay=\"off\" text_border_radius=\"3\" alignment=\"center\" child_filter_hue_rotate=\"0deg\" child_filter_saturate=\"100%\" child_filter_brightness=\"100%\" child_filter_contrast=\"100%\" child_filter_invert=\"0%\" child_filter_sepia=\"0%\" child_filter_opacity=\"100%\" child_filter_blur=\"0px\" child_mix_blend_mode=\"normal\" background_layout=\"dark\" text_shadow_style=\"none\" header_text_shadow_style=\"none\" body_text_shadow_style=\"none\" custom_button=\"off\" button_bg_use_color_gradient=\"off\" button_bg_color_gradient_overlays_image=\"off\" button_use_icon=\"on\" button_on_hover=\"on\" button_text_shadow_style=\"none\" box_shadow_style_button=\"none\" heading=\"Gymtr\u00e4ning\" text_shadow_horizontal_length=\"0em\" text_shadow_vertical_length=\"0em\" text_shadow_blur_strength=\"0em\" header_level=\"h1\" header_font_size=\"64\" header_font_size_tablet=\"40\" header_font_size_phone=\"30\" header_text_shadow_horizontal_length=\"0em\" header_text_shadow_vertical_length=\"0em\" header_text_shadow_blur_strength=\"0em\" body_text_shadow_horizontal_length=\"0em\" body_text_shadow_vertical_length=\"0em\" body_text_shadow_blur_strength=\"0em\" button_text_shadow_horizontal_length=\"0em\" button_text_shadow_vertical_length=\"0em\" button_text_shadow_blur_strength=\"0em\" header_font_size_last_edited=\"on|phone\" \/][\/et_pb_fullwidth_slider][\/et_pb_section][et_pb_section bb_built=\"1\" prev_background_color=\"#000000\"][et_pb_row][et_pb_column type=\"2_3\"][et_pb_text _builder_version=\"3.5.1\"]<\/p><h2>Konditionssalstr\u00e4ning<\/h2><p class=\"Textbody\"><span lang=\"FI\">P\u00e5 gymmet kan du tr\u00e4na med olika m\u00e5l i siktet. N\u00e5gon tr\u00e4nar f\u00f6r att undvika skador, andra tr\u00e4nar f\u00f6r att bli starkare och m\u00e5 bra. Endel rehabiliteringstr\u00e4nar och somliga tr\u00e4nar f\u00f6r att bygga muskler. Vi vill g\u00e4rna hj\u00e4lpa dig oberoende av utg\u00e5ngsl\u00e4ge och m\u00e5ls\u00e4ttning.<\/span><\/p><h3>Tre konditionssalar<\/h3><p class=\"Textbody\"><span lang=\"FI\">Vi har 3 olika konditionssalar f\u00f6r att m\u00f6ta allas behov \u2013 <strong>Wellness Line<\/strong> med en omfattande maskinpark fr\u00e5n ett och samma m\u00e4rke. <strong>Heavy Line<\/strong> med delvis handplockade maskiner fr\u00e5n olika leverant\u00f6rer f\u00f6r att b\u00e4st m\u00f6ta olika behov. <strong>Club65+<\/strong> sal f\u00f6r dig som \u00e4r senior samt rehabiliteringssal d\u00e4r motst\u00e5ndsjusteringen \u00e4r stegl\u00f6s. Vi har ocks\u00e5 en stor bredd p\u00e5 cardiomaskiner, fria vikter och \u00f6vriga redskap som bollar, kettlebells och balansbr\u00e4den.<\/span><\/p><h4>Kom ig\u00e5ng med tr\u00e4ningen<\/h4><p class=\"Textbody\"><span lang=\"FI\">Har du inte tr\u00e4nat tidigare p\u00e5 gym, men intresserad av att b\u00f6rja, rekommenderar vi att du deltar i konditionscirklarna tillsammans med en instrukt\u00f6r eller f\u00e5r en individuell grundgenomg\u00e5ng (ing\u00e5r i medlemskapet). D\u00e5 f\u00e5r du hj\u00e4lp med inst\u00e4llningar av maskiner och en genomg\u00e5ng av n\u00e5gra bas\u00f6vningar s\u00e5 att du kan komma ig\u00e5ng med din tr\u00e4ning p\u00e5 gymmet. Vill du ha mera ut av din gymtr\u00e4ning kan du ocks\u00e5 boka tid med v\u00e5ra PT:n f\u00f6r att f\u00e5 ett tr\u00e4ningsprogram som \u00e4r skr\u00e4ddarsytt f\u00f6r just dig.<\/span><\/p><p>[\/et_pb_text][\/et_pb_column][et_pb_column type=\"1_3\"][et_pb_image _builder_version=\"3.4.1\" src=\"https:\/\/www.sportsgym.fi\/wp-content\/uploads\/kuntosali-paino.jpg\" \/][\/et_pb_column][\/et_pb_row][\/et_pb_section]<\/p>","_et_gb_content_width":"","footnotes":""},"class_list":["post-30909","page","type-page","status-publish","hentry"],"yoast_head":"<!-- This site is optimized with the Yoast SEO plugin v27.4 - https:\/\/yoast.com\/product\/yoast-seo-wordpress\/ -->\n<title>Gymtr\u00e4ning - SportsGym<\/title>\n<meta name=\"robots\" content=\"index, follow, max-snippet:-1, max-image-preview:large, max-video-preview:-1\" \/>\n<link rel=\"canonical\" href=\"https:\/\/www.sportsgym.fi\/sv\/traning\/gymtraning\/\" \/>\n<meta property=\"og:locale\" content=\"sv_SE\" \/>\n<meta property=\"og:type\" content=\"article\" \/>\n<meta property=\"og:title\" content=\"Gymtr\u00e4ning - SportsGym\" \/>\n<meta property=\"og:description\" content=\"Konditionssalstr\u00e4ning P\u00e5 Sports Gym kan du gymtr\u00e4na i 6 salar, varje dag kl 5-22. H\u00e4r finns Wellness Gym med traditionella tr\u00e4ningsmaskiner, fria vikter o uppv\u00e4rmningsalternativ. Allt fr\u00e5n l\u00f6pmattor, roddmaskiner, cyklar, skiergon och crosstrainers. H\u00e4r b\u00f6rjar de flesta, en sal f\u00f6r vilken motion\u00e4r som helst. I Senior Gym salen tr\u00e4nar en hel del pension\u00e4rer dagtid och [&hellip;]\" \/>\n<meta property=\"og:url\" content=\"https:\/\/www.sportsgym.fi\/sv\/traning\/gymtraning\/\" \/>\n<meta property=\"og:site_name\" content=\"SportsGym\" \/>\n<meta property=\"article:modified_time\" content=\"2026-03-07T20:21:33+00:00\" \/>\n<meta name=\"twitter:card\" content=\"summary_large_image\" \/>\n<meta name=\"twitter:label1\" content=\"Ber\u00e4knad l\u00e4stid\" \/>\n\t<meta name=\"twitter:data1\" content=\"2 minuter\" \/>\n<script type=\"application\/ld+json\" class=\"yoast-schema-graph\">{\"@context\":\"https:\\\/\\\/schema.org\",\"@graph\":[{\"@type\":\"WebPage\",\"@id\":\"https:\\\/\\\/www.sportsgym.fi\\\/sv\\\/traning\\\/gymtraning\\\/\",\"url\":\"https:\\\/\\\/www.sportsgym.fi\\\/sv\\\/traning\\\/gymtraning\\\/\",\"name\":\"Gymtr\u00e4ning - SportsGym\",\"isPartOf\":{\"@id\":\"https:\\\/\\\/www.sportsgym.fi\\\/sv\\\/#website\"},\"datePublished\":\"2022-03-17T10:53:21+00:00\",\"dateModified\":\"2026-03-07T20:21:33+00:00\",\"breadcrumb\":{\"@id\":\"https:\\\/\\\/www.sportsgym.fi\\\/sv\\\/traning\\\/gymtraning\\\/#breadcrumb\"},\"inLanguage\":\"sv-SE\",\"potentialAction\":[{\"@type\":\"ReadAction\",\"target\":[\"https:\\\/\\\/www.sportsgym.fi\\\/sv\\\/traning\\\/gymtraning\\\/\"]}]},{\"@type\":\"BreadcrumbList\",\"@id\":\"https:\\\/\\\/www.sportsgym.fi\\\/sv\\\/traning\\\/gymtraning\\\/#breadcrumb\",\"itemListElement\":[{\"@type\":\"ListItem\",\"position\":1,\"name\":\"Home\",\"item\":\"https:\\\/\\\/www.sportsgym.fi\\\/sv\\\/\"},{\"@type\":\"ListItem\",\"position\":2,\"name\":\"Tr\u00e4ning\",\"item\":\"https:\\\/\\\/www.sportsgym.fi\\\/sv\\\/traning\\\/\"},{\"@type\":\"ListItem\",\"position\":3,\"name\":\"Gymtr\u00e4ning\"}]},{\"@type\":\"WebSite\",\"@id\":\"https:\\\/\\\/www.sportsgym.fi\\\/sv\\\/#website\",\"url\":\"https:\\\/\\\/www.sportsgym.fi\\\/sv\\\/\",\"name\":\"SportsGym\",\"description\":\"Training - Wellness - Health\",\"potentialAction\":[{\"@type\":\"SearchAction\",\"target\":{\"@type\":\"EntryPoint\",\"urlTemplate\":\"https:\\\/\\\/www.sportsgym.fi\\\/sv\\\/?s={search_term_string}\"},\"query-input\":{\"@type\":\"PropertyValueSpecification\",\"valueRequired\":true,\"valueName\":\"search_term_string\"}}],\"inLanguage\":\"sv-SE\"}]}<\/script>\n<!-- \/ Yoast SEO plugin. -->","yoast_head_json":{"title":"Gymtr\u00e4ning - SportsGym","robots":{"index":"index","follow":"follow","max-snippet":"max-snippet:-1","max-image-preview":"max-image-preview:large","max-video-preview":"max-video-preview:-1"},"canonical":"https:\/\/www.sportsgym.fi\/sv\/traning\/gymtraning\/","og_locale":"sv_SE","og_type":"article","og_title":"Gymtr\u00e4ning - SportsGym","og_description":"Konditionssalstr\u00e4ning P\u00e5 Sports Gym kan du gymtr\u00e4na i 6 salar, varje dag kl 5-22. H\u00e4r finns Wellness Gym med traditionella tr\u00e4ningsmaskiner, fria vikter o uppv\u00e4rmningsalternativ. Allt fr\u00e5n l\u00f6pmattor, roddmaskiner, cyklar, skiergon och crosstrainers. H\u00e4r b\u00f6rjar de flesta, en sal f\u00f6r vilken motion\u00e4r som helst. I Senior Gym salen tr\u00e4nar en hel del pension\u00e4rer dagtid och [&hellip;]","og_url":"https:\/\/www.sportsgym.fi\/sv\/traning\/gymtraning\/","og_site_name":"SportsGym","article_modified_time":"2026-03-07T20:21:33+00:00","twitter_card":"summary_large_image","twitter_misc":{"Ber\u00e4knad l\u00e4stid":"2 minuter"},"schema":{"@context":"https:\/\/schema.org","@graph":[{"@type":"WebPage","@id":"https:\/\/www.sportsgym.fi\/sv\/traning\/gymtraning\/","url":"https:\/\/www.sportsgym.fi\/sv\/traning\/gymtraning\/","name":"Gymtr\u00e4ning - SportsGym","isPartOf":{"@id":"https:\/\/www.sportsgym.fi\/sv\/#website"},"datePublished":"2022-03-17T10:53:21+00:00","dateModified":"2026-03-07T20:21:33+00:00","breadcrumb":{"@id":"https:\/\/www.sportsgym.fi\/sv\/traning\/gymtraning\/#breadcrumb"},"inLanguage":"sv-SE","potentialAction":[{"@type":"ReadAction","target":["https:\/\/www.sportsgym.fi\/sv\/traning\/gymtraning\/"]}]},{"@type":"BreadcrumbList","@id":"https:\/\/www.sportsgym.fi\/sv\/traning\/gymtraning\/#breadcrumb","itemListElement":[{"@type":"ListItem","position":1,"name":"Home","item":"https:\/\/www.sportsgym.fi\/sv\/"},{"@type":"ListItem","position":2,"name":"Tr\u00e4ning","item":"https:\/\/www.sportsgym.fi\/sv\/traning\/"},{"@type":"ListItem","position":3,"name":"Gymtr\u00e4ning"}]},{"@type":"WebSite","@id":"https:\/\/www.sportsgym.fi\/sv\/#website","url":"https:\/\/www.sportsgym.fi\/sv\/","name":"SportsGym","description":"Training - Wellness - Health","potentialAction":[{"@type":"SearchAction","target":{"@type":"EntryPoint","urlTemplate":"https:\/\/www.sportsgym.fi\/sv\/?s={search_term_string}"},"query-input":{"@type":"PropertyValueSpecification","valueRequired":true,"valueName":"search_term_string"}}],"inLanguage":"sv-SE"}]}},"_links":{"self":[{"href":"https:\/\/www.sportsgym.fi\/sv\/wp-json\/wp\/v2\/pages\/30909","targetHints":{"allow":["GET"]}}],"collection":[{"href":"https:\/\/www.sportsgym.fi\/sv\/wp-json\/wp\/v2\/pages"}],"about":[{"href":"https:\/\/www.sportsgym.fi\/sv\/wp-json\/wp\/v2\/types\/page"}],"author":[{"embeddable":true,"href":"https:\/\/www.sportsgym.fi\/sv\/wp-json\/wp\/v2\/users\/1"}],"replies":[{"embeddable":true,"href":"https:\/\/www.sportsgym.fi\/sv\/wp-json\/wp\/v2\/comments?post=30909"}],"version-history":[{"count":7,"href":"https:\/\/www.sportsgym.fi\/sv\/wp-json\/wp\/v2\/pages\/30909\/revisions"}],"predecessor-version":[{"id":34645,"href":"https:\/\/www.sportsgym.fi\/sv\/wp-json\/wp\/v2\/pages\/30909\/revisions\/34645"}],"up":[{"embeddable":true,"href":"https:\/\/www.sportsgym.fi\/sv\/wp-json\/wp\/v2\/pages\/3004"}],"wp:attachment":[{"href":"https:\/\/www.sportsgym.fi\/sv\/wp-json\/wp\/v2\/media?parent=30909"}],"curies":[{"name":"wp","href":"https:\/\/api.w.org\/{rel}","templated":true}]}}